{"id":61,"date":"2024-07-29T22:32:50","date_gmt":"2024-07-30T01:32:50","guid":{"rendered":"https:\/\/www.extrom.io\/w\/wordpress\/?post_type=product&#038;p=61"},"modified":"2025-11-06T09:47:22","modified_gmt":"2025-11-06T12:47:22","slug":"ms4596","status":"publish","type":"product","link":"https:\/\/www.extrom.io\/w\/wordpress\/index.php\/product\/ms4596\/","title":{"rendered":"Lanterna de Sinaliza\u00e7\u00e3o N\u00e1utica"},"content":{"rendered":"<p><div class=\"_df_book df-lite\" id=\"df_304\"  _slug=\"ms4596-xxxx-xxxx\" data-title=\"ms4596-xxxx-xxxx\" wpoptions=\"true\" thumbtype=\"\" ><\/div><script class=\"df-shortcode-script\" type=\"application\/javascript\">window.option_df_304 = {\"outline\":[],\"autoEnableOutline\":\"false\",\"autoEnableThumbnail\":\"false\",\"overwritePDFOutline\":\"false\",\"direction\":\"1\",\"pageSize\":\"0\",\"source\":\"https:\\\/\\\/www.extrom.io\\\/w\\\/wordpress\\\/wp-content\\\/uploads\\\/2024\\\/08\\\/MS4596-RGBW-XXXX-1.pdf\",\"wpOptions\":\"true\"}; if(window.DFLIP && window.DFLIP.parseBooks){window.DFLIP.parseBooks();}<\/script><br \/>\n<div class=\"_df_book df-lite\" id=\"df_343\"  _slug=\"ms4596-instrucoes-de-uso\" data-title=\"ms4596-instrucoes-de-uso\" wpoptions=\"true\" thumbtype=\"\" ><\/div><script class=\"df-shortcode-script\" type=\"application\/javascript\">window.option_df_343 = {\"outline\":[],\"autoEnableOutline\":\"false\",\"autoEnableThumbnail\":\"false\",\"overwritePDFOutline\":\"false\",\"direction\":\"1\",\"pageSize\":\"0\",\"source\":\"https:\\\/\\\/www.extrom.io\\\/w\\\/wordpress\\\/wp-content\\\/uploads\\\/2024\\\/08\\\/MS4596-Instrucoes-de-uso.pdf\",\"wpOptions\":\"true\"}; if(window.DFLIP && window.DFLIP.parseBooks){window.DFLIP.parseBooks();}<\/script><\/p>\n<p>Descri\u00e7\u00e3o de alguns modelos<\/p>\n<p><span style=\"vertical-align: inherit;\"><span style=\"vertical-align: inherit;\"><span style=\"vertical-align: inherit;\"><span style=\"vertical-align: inherit;\"><span style=\"vertical-align: inherit;\"><span style=\"vertical-align: inherit;\">MS4596-RGBW-0305-GPS-IOT<\/span><\/span><\/span><\/span><\/span><\/span><\/p>\n<p>Lanterna de sinaliza\u00e7\u00e3o n\u00e1utica RGBW.<\/p>\n<p>COR: SET de cor selecionavel Vermelho,Verde,Azul e Branco pelo usu\u00e1rio.<br \/>\nConjunto focal: 1 placas de 6 LEDs RGBW 12W (4*3W), total de 24 LEDs e 72W e 6 LEDs<br \/>\ncom 18W total por cor selecionda.<br \/>\nAlcance: alcance luminoso de 3 a 5 milhas n\u00e1uticas.<br \/>\nSinaliza\u00e7\u00e3o Maritima: N\u00e3o equipado<br \/>\nAlimenta\u00e7\u00e3o externa: 12 &#8211; 39V\/4Ah com potencia de 48W (via conector ext.).<br \/>\nAlimenta\u00e7\u00e3o interna: 1 Bateria L\u00edtio ou 2 Selada (12V\/14Ah) com potencia total de 196Wh.<br \/>\nAutonomia: 500h min. com Conjunto Solar Lateral de 8 c\u00e9lulas<br \/>\nTempo de Recarca (plana exposi\u00e7\u00e3o solar): per\u00edodo de 4 a 6 horas.<br \/>\nLink de Conex\u00e3o: N\u00e3o equipado<br \/>\nAngulo: 360\u00b0 graus horizontal e 10\u00b0 vertical.<br \/>\nControle: intensidade com 256 configura\u00e7\u00f5es de flash, def. manual ou IALA.<br \/>\nControle de lampejo: Configur\u00e1vel per\u00edodo ON, OFF e sua cor.<br \/>\nSincroniza\u00e7\u00e3o: pulso GPS incorporado.<br \/>\nSistema: microprocessada.<br \/>\nConfigura\u00e7\u00e3o: WebServidor via Wifi at\u00e9 100 metros ou atrav\u00e9s de sua Telemetria.<br \/>\nAcessos externos: Bot\u00e3o ON\/Off.<br \/>\nCorpo: Polipropileno AMBAR.<br \/>\nLente: Policarbonato Transparente D:150&#215;60 mm.<br \/>\nDimans\u00e3o: 460x260x180mm<br \/>\nGrau de Prote\u00e7\u00e3o: IP \u030867 NBR IEC 60529.<br \/>\nNCM: 85308090.<\/p>\n<p><span style=\"vertical-align: inherit;\"><span style=\"vertical-align: inherit;\"><span style=\"vertical-align: inherit;\"><span style=\"vertical-align: inherit;\"><span style=\"vertical-align: inherit;\"><span style=\"vertical-align: inherit;\">MS4596-W-0510-GPS-IOT<\/span><\/span><\/span><\/span><\/span><\/span><\/p>\n<p>Lanterna de sinaliza\u00e7\u00e3o n\u00e1utica BRANCA.<\/p>\n<p>COR: LED Branco.<br \/>\nConjunto focal: 4 placas de 24 LEDs 0.5W (12W) com total de 96 LEDs e 48W.<br \/>\nAlcance: alcance luminoso de 5 a 10 milhas n\u00e1uticas.<br \/>\nAlimenta\u00e7\u00e3o externa: 12 &#8211; 39V\/4Ah com potencia total de 48W (via conector ext.).<br \/>\nAlimenta\u00e7\u00e3o interna: 2 Baterias Seladas (12V\/7Ah) com potencia total de 168Wh.<br \/>\nCarregamento Bateria: Interno Placa Solar ou Alimenta\u00e7\u00e3o Externo.<br \/>\nAutonomia: Conjunto Solar Lateral de 8 paineis de 6W e um total de 48W,<br \/>\nTempo de Recarca (plana exposi\u00e7\u00e3o solar): per\u00edodo de 200 horas.<br \/>\nAngulo: 360\u00b0 graus horizontal e 10\u00b0 vertical.<br \/>\nControle: intensidade com 256 configura\u00e7\u00f5es de flash, def. manual ou IALA.<br \/>\nControle de lampejo: Configur\u00e1vel per\u00edodo ON, OFF e sua cor.<br \/>\nSistema: microprocessada.<br \/>\nConfigura\u00e7\u00e3o: atrav\u00e9s de WebServidor por Wifi.<br \/>\nAcessos externos: Bot\u00e3o ON\/Off.<br \/>\nCorpo: Polipropileno (PP).<br \/>\nLente: Policarbonato Transparente D:150&#215;80 mm.<br \/>\nDimens\u00e3o: 455x235x260 mm.<br \/>\nGrau de Prote\u00e7\u00e3o: IP\u00a867 NBR IEC 60529.<br \/>\nNCM: 85308090.<\/p>\n<p><span style=\"vertical-align: inherit;\"><span style=\"vertical-align: inherit;\"><span style=\"vertical-align: inherit;\"><span style=\"vertical-align: inherit;\"><span style=\"vertical-align: inherit;\"><span style=\"vertical-align: inherit;\">MS4596-W-1015-GPS-IOT<\/span><\/span><\/span><\/span><\/span><\/span><\/p>\n<p>Lanterna de sinaliza\u00e7\u00e3o n\u00e1utica White (BRANCO).<\/p>\n<p>COR: LED Branco.<br \/>\nConjunto focal: formado por 4 placas cada uma com 1 LEDs 20W, lente 30 graus, com total de 4 LEDS e 80W com cerca de 1800 lumine (lm) ou cerca de 8407 cd cada, 600-6500 Kelvi. (LC-20PW12-C30)<br \/>\nAlcance: alcance luminoso de 5 a 10 milhas n\u00e1uticas.<br \/>\nSinaliza\u00e7\u00e3o Maritima: N\u00e3o equipado.<br \/>\nAlimenta\u00e7\u00e3o externa: 12 &#8211; 39V\/4Ah com potencia total de 48W (via conector ext.).<br \/>\nAlimenta\u00e7\u00e3o interna: 4 Baterias Seladas (12V\/7Ah) com potencia total de 336Wh.<br \/>\nAutonomia: 500h min. com Conjunto Solar Lateral de 16 c\u00e9lulas de 6W em 4 paineis e um total de 96W.<br \/>\nTempo de Recarca (plana exposi\u00e7\u00e3o solar): per\u00edodo de 4 a 6 horas.<br \/>\nConex\u00e3o: Permite TELEMETRIA e COMANDO via NUVEM de servi\u00e7os IoT com Servidor MQTT (NMEA Socket TCP\/IP) via MODEM RF ou GSM opcional.<br \/>\nAngulo: 360\u00b0 graus horizontal e 10\u00b0 vertical.<br \/>\nControle: intensidade com 256 configura\u00e7\u00f5es de flash, def. manual ou IALA.<br \/>\nControle de lampejo: Configur\u00e1vel per\u00edodo ON, OFF e sua cor.<br \/>\nSistema: microprocessada.<br \/>\nConfigura\u00e7\u00e3o: atrav\u00e9s de WebServidor por Wifi at\u00e9 100 metros ou atrav\u00e9s de sua Telemetria.<br \/>\nAcessos externos: Bot\u00e3o ON\/Off.<br \/>\nCorpo: Polipropileno AMBAR.<br \/>\nLente: Policarbonato Transparente D:150&#215;80 mm.<br \/>\nDimans\u00e3o: 495x402x350 mm.<br \/>\nGrau de Prote\u00e7\u00e3o: IP\u00a867 NBR IEC 60529.<br \/>\nNCM: 85308090.<\/p>\n<p><span style=\"vertical-align: inherit;\"><span style=\"vertical-align: inherit;\"><span style=\"vertical-align: inherit;\"><span style=\"vertical-align: inherit;\"><span style=\"vertical-align: inherit;\"><span style=\"vertical-align: inherit;\">MS4596-W-1525-GPS-IOT<\/span><\/span><\/span><\/span><\/span><\/span><\/p>\n<p><span style=\"vertical-align: inherit;\"><span style=\"vertical-align: inherit;\"><span style=\"vertical-align: inherit;\"><span style=\"vertical-align: inherit;\"><span style=\"vertical-align: inherit;\"><span style=\"vertical-align: inherit;\">Lanterna de sinaliza\u00e7\u00e3o n\u00e1utica White (BRANCO).<\/span><\/span><\/span><\/span><\/span><\/span><\/p>\n<p>COR: LED Branco.<br \/>\nConjunto focal: formado por 4 placas cada uma com 1 LEDs 30W, lente 30 graus, com total de 4 LEDS e 120W com cerca de 2800 lumine (lm) ou cerca de 13079 cd cada, 600-6500 Kelvi. (LC-30PW12-C30)<br \/>\nAlcance: alcance luminoso de 5 a 10 milhas n\u00e1uticas.<br \/>\nSinaliza\u00e7\u00e3o Maritima: N\u00e3o equipado.<br \/>\nAlimenta\u00e7\u00e3o externa: 12 &#8211; 39V\/4Ah com potencia total de 48W (via conector ext.).<br \/>\nAlimenta\u00e7\u00e3o interna: 4 Baterias Seladas (12V\/7Ah) com potencia total de 336Wh.<br \/>\nAutonomia: 500h min. com Conjunto Solar Lateral de 16 c\u00e9lulas de 6W em 4 paineis e um total de 96W.<br \/>\nTempo de Recarca (plana exposi\u00e7\u00e3o solar): per\u00edodo de 4 a 6 horas.<br \/>\nConex\u00e3o: Permite TELEMETRIA e COMANDO via NUVEM de servi\u00e7os IoT com Servidor MQTT (NMEA Socket TCP\/IP) via MODEM RF ou GSM opcional.<br \/>\nAngulo: 360\u00b0 graus horizontal e 10\u00b0 vertical.<br \/>\nControle: intensidade com 256 configura\u00e7\u00f5es de flash, def. manual ou IALA.<br \/>\nControle de lampejo: Configur\u00e1vel per\u00edodo ON, OFF e sua cor.<br \/>\nSistema: microprocessada.<br \/>\nConfigura\u00e7\u00e3o: atrav\u00e9s de WebServidor por Wifi at\u00e9 100 metros ou atrav\u00e9s de sua Telemetria.<br \/>\nAcessos externos: Bot\u00e3o ON\/Off.<br \/>\nCorpo: Polipropileno AMBAR.<br \/>\nLente: Policarbonato Transparente D:150&#215;80 mm.<br \/>\nDimans\u00e3o: 495x402x350 mm.<br \/>\nGrau de Prote\u00e7\u00e3o: IP\u00a867 NBR IEC 60529.<br \/>\nNCM: 85308090.<\/p>\n<p><span style=\"vertical-align: inherit;\"><span style=\"vertical-align: inherit;\"><span style=\"vertical-align: inherit;\"><span style=\"vertical-align: inherit;\"><span style=\"vertical-align: inherit;\"><span style=\"vertical-align: inherit;\">MS4596-W-1015-GPS-IOT<\/span><\/span><\/span><\/span><\/span><\/span><\/p>\n<p>Lanterna de sinaliza\u00e7\u00e3o n\u00e1utica White (BRANCO).<\/p>\n<p>COR: LED Branco.<br \/>\nConjunto focal: formado por 4 placas cada uma com 1 LEDs 20W, lente 30<br \/>\ngraus, com total de 4 LEDS e 80W com cerca de 1800 lumine (lm) ou cerca<br \/>\nde 8407 cd cada, 600-6500 Kelvi. (LC-20PW12-C30)<br \/>\nAlcance: alcance luminoso de 5 a 10 milhas n\u00e1uticas.<br \/>\nSinaliza\u00e7\u00e3o Maritima: N\u00e3o equipado.<br \/>\nAlimenta\u00e7\u00e3o externa: 12 &#8211; 39V\/4Ah com potencia total de 48W (via<br \/>\nconector ext.).<br \/>\nAlimenta\u00e7\u00e3o interna: 4 Baterias Seladas (12V\/7Ah) com potencia total de<br \/>\n336Wh.<br \/>\nAutonomia: 500h min. com Conjunto Solar Lateral de 16 c\u00e9lulas de 6W em 4<br \/>\npaineis e um total de 96W.<br \/>\nTempo de Recarca (plana exposi\u00e7\u00e3o solar): per\u00edodo de 4 a 6 horas.<br \/>\nConex\u00e3o: Permite TELEMETRIA e COMANDO via NUVEM de servi\u00e7os IoT<br \/>\ncom Servidor MQTT (NMEA Socket TCP\/IP) via MODEM RF ou GSM<br \/>\nopcional.<br \/>\nAngulo: 360\u00b0 graus horizontal e 10\u00b0 vertical.<br \/>\nControle: intensidade com 256 configura\u00e7\u00f5es de flash, def. manual ou IALA.<br \/>\nControle de lampejo: Configur\u00e1vel per\u00edodo ON, OFF e sua cor.<br \/>\nSistema: microprocessada.<br \/>\nConfigura\u00e7\u00e3o: atrav\u00e9s de WebServidor por Wifi at\u00e9 100 metros ou atrav\u00e9s<br \/>\nde sua Telemetria.<br \/>\nAcessos externos: Bot\u00e3o ON\/Off.<br \/>\nCorpo: Polipropileno AMBAR.<br \/>\nLente: Policarbonato Transparente D:150&#215;80 mm.<br \/>\nDimans\u00e3o: 495x402x350 mm.<br \/>\nGrau de Prote\u00e7\u00e3o: IP \u030867 NBR IEC 60529.<br \/>\nNCM: 85308090.<\/p>\n<p><span style=\"vertical-align: inherit;\"><span style=\"vertical-align: inherit;\"><span style=\"vertical-align: inherit;\"><span style=\"vertical-align: inherit;\">MS4596-W-1525-GPS-IOT<\/span><\/span><\/span><\/span><\/p>\n<p>Lanterna de sinaliza\u00e7\u00e3o n\u00e1utica White (BRANCO).<\/p>\n<p>COR: LED Branco.<br \/>\nConjunto focal: formado por 4 placas cada uma com 1 LEDs 30W, lente 30<br \/>\ngraus, com total de 4 LEDS e 120W com cerca de 2800 lumine (lm) ou cerca<br \/>\nde 13079 cd cada, 600-6500 Kelvi. (LC-30PW12-C30)<br \/>\nAlcance: alcance luminoso de 5 a 10 milhas n\u00e1uticas.<br \/>\nSinaliza\u00e7\u00e3o Maritima: N\u00e3o equipado.<br \/>\nAlimenta\u00e7\u00e3o externa: 12 &#8211; 39V\/4Ah com potencia total de 48W (via<br \/>\nconector ext.).<br \/>\nAlimenta\u00e7\u00e3o interna: 4 Baterias Seladas (12V\/7Ah) com potencia total de<br \/>\n336Wh.<br \/>\nAutonomia: 500h min. com Conjunto Solar Lateral de 16 c\u00e9lulas de 6W em 4<br \/>\npaineis e um total de 96W.<br \/>\nTempo de Recarca (plana exposi\u00e7\u00e3o solar): per\u00edodo de 4 a 6 horas.<br \/>\nConex\u00e3o: Permite TELEMETRIA e COMANDO via NUVEM de servi\u00e7os IoT<br \/>\ncom Servidor MQTT (NMEA Socket TCP\/IP) via MODEM RF ou GSM<br \/>\nopcional.<br \/>\nAngulo: 360\u00b0 graus horizontal e 10\u00b0 vertical.<br \/>\nControle: intensidade com 256 configura\u00e7\u00f5es de flash, def. manual ou IALA.<br \/>\nControle de lampejo: Configur\u00e1vel per\u00edodo ON, OFF e sua cor.<br \/>\nSistema: microprocessada.<br \/>\nConfigura\u00e7\u00e3o: atrav\u00e9s de WebServidor por Wifi at\u00e9 100 metros ou atrav\u00e9s<br \/>\nde sua Telemetria.<br \/>\nAcessos externos: Bot\u00e3o ON\/Off.<br \/>\nCorpo: Polipropileno AMBAR.<br \/>\nLente: Policarbonato Transparente D:150&#215;80 mm.<br \/>\nDimans\u00e3o: 495x402x350 mm.<br \/>\nGrau de Prote\u00e7\u00e3o: IP \u030867 NBR IEC 60529.<br \/>\nNCM: 85308090.<\/p>\n","protected":false},"excerpt":{"rendered":"<p><span style=\"vertical-align: inherit;\"><span style=\"vertical-align: inherit;\">Lanterna N\u00e1utica<\/span><\/span><\/p>\n","protected":false},"featured_media":303,"comment_status":"open","ping_status":"closed","template":"","meta":[],"product_brand":[],"product_cat":[21],"product_tag":[],"class_list":{"0":"post-61","1":"product","2":"type-product","3":"status-publish","4":"has-post-thumbnail","6":"product_cat-nautica","8":"first","9":"instock","10":"shipping-taxable","11":"purchasable","12":"product-type-simple"},"_links":{"self":[{"href":"https:\/\/www.extrom.io\/w\/wordpress\/index.php\/wp-json\/wp\/v2\/product\/61","targetHints":{"allow":["GET"]}}],"collection":[{"href":"https:\/\/www.extrom.io\/w\/wordpress\/index.php\/wp-json\/wp\/v2\/product"}],"about":[{"href":"https:\/\/www.extrom.io\/w\/wordpress\/index.php\/wp-json\/wp\/v2\/types\/product"}],"replies":[{"embeddable":true,"href":"https:\/\/www.extrom.io\/w\/wordpress\/index.php\/wp-json\/wp\/v2\/comments?post=61"}],"wp:featuredmedia":[{"embeddable":true,"href":"https:\/\/www.extrom.io\/w\/wordpress\/index.php\/wp-json\/wp\/v2\/media\/303"}],"wp:attachment":[{"href":"https:\/\/www.extrom.io\/w\/wordpress\/index.php\/wp-json\/wp\/v2\/media?parent=61"}],"wp:term":[{"taxonomy":"product_brand","embeddable":true,"href":"https:\/\/www.extrom.io\/w\/wordpress\/index.php\/wp-json\/wp\/v2\/product_brand?post=61"},{"taxonomy":"product_cat","embeddable":true,"href":"https:\/\/www.extrom.io\/w\/wordpress\/index.php\/wp-json\/wp\/v2\/product_cat?post=61"},{"taxonomy":"product_tag","embeddable":true,"href":"https:\/\/www.extrom.io\/w\/wordpress\/index.php\/wp-json\/wp\/v2\/product_tag?post=61"}],"curies":[{"name":"wp","href":"https:\/\/api.w.org\/{rel}","templated":true}]}}