{"id":385,"date":"2024-08-21T13:54:08","date_gmt":"2024-08-21T16:54:08","guid":{"rendered":"https:\/\/www.extrom.io\/w\/wordpress\/?post_type=product&#038;p=385"},"modified":"2024-11-05T16:26:43","modified_gmt":"2024-11-05T19:26:43","slug":"capsula-sensor-v3-umidade-e-temperatura","status":"publish","type":"product","link":"https:\/\/www.extrom.io\/w\/wordpress\/index.php\/product\/capsula-sensor-v3-umidade-e-temperatura\/","title":{"rendered":"C\u00e1psula Sensora V3 &#8211; Umidade e Temperatura"},"content":{"rendered":"<p style=\"text-align: right;\"><span style=\"font-size: small;\">Utilize password=&#8221;visitante&#8221;, senha=&#8221;visitante&#8221;, selecione <\/span><span style=\"font-size: small;\">a op\u00e7\u00e3o &#8220;Freezer&#8221;e<br \/>\nselecione atualiza\u00e7\u00e3o de 5 minutos no exemplo do Dashboard para esta aplica\u00e7\u00e3o.<br \/>\nLink: <a href=\"https:\/\/www.grafana.extrom.io\">https:\/\/www.grafana.extrom.io<\/a><\/span><\/p>\n<p style=\"text-align: left;\">Caracter\u00edsticas principais<\/p>\n<p>ESP32-S3 + SX1262.<br \/>\nO m\u00e9todo de comunica\u00e7\u00e3o sem fio inclui Wi-Fi, Bluetooth e LoRa.<br \/>\nDesign modular, com uma interface BTB reservada na parte inferior, capaz de conectar e substituir diferentes sensores<br \/>\nTouch pad e luz indicadora LED.<br \/>\nConstru\u00eddo em 250mAh bateria recarreg\u00e1vel, ventosa magn\u00e9tica porta de carregamento.<br \/>\nConstru\u00eddo em LoRa e Wi-Fi\/BLE antenas, apar\u00eancia elegante, compacto e leve.<br \/>\nAlta resist\u00eancia pl\u00e1stico, IP65 imperme\u00e1vel.<br \/>\nSuporte Heltec Wireless Boot sistema, baixar firmware, trocar informa\u00e7\u00f5es e imprimir logs atrav\u00e9s de Wi-Fi.<br \/>\nProjeto Meshtastic compat\u00edvel.<br \/>\nO desenvolvimento secund\u00e1rio pode ser feito atrav\u00e9s do Arduino, Platform.io, etc.<\/p>\n<p>Especifica\u00e7\u00f5es<br \/>\nMCU: ESP32-S3FN8<br \/>\nChip LoRa: SX1262<br \/>\nWiFi: IEEE 802,11 b\/g\/n 2,4 GHz<br \/>\nBluetooth: Bluetooth LE, Bluetooth 5, malha Bluetooth<br \/>\nFreq\u00fc\u00eancia LoRa: 863 ~ 870MHz, 902 ~ 928MHz, 470 ~ 510MHz<br \/>\nTemperatura operacional: -20 ~ 60 \u2103<br \/>\nMax. Recebendo. sensibilidade: -135dBm<br \/>\nAlimenta\u00e7\u00e3o: 3.7V l\u00edtio bateria recarreg\u00e1vel, 250mAh (Porta Magn\u00e9tico de suc\u00e7\u00e3o para carregamento)<br \/>\nCaracter\u00edsticas el\u00e9tricas: LoRa 10dBm TX: 142mA \/ LoRa 14dBm TX: 165mA \/ LoRa 17dBm TX: 180mA \/ LoRa 22dBm TX: 202mA\/sono profundo: 17uA<br \/>\nCarregamento: 5V, suc\u00e7\u00e3o magn\u00e9tica 2P-2.54mm<br \/>\nUmidade operacional: 10% ~ 90% RH (n\u00e3o condensa\u00e7\u00e3o)<br \/>\nMax. LoRa TX Pot\u00eancia: 21 \u00b1 1dBm<br \/>\nProte\u00e7\u00e3o grau: IP65<br \/>\nPeso: aprox. 23g<\/p>\n","protected":false},"excerpt":{"rendered":"<p><strong data-spm-anchor-id=\"a2g0o.detail.1000023.i2.665elk6Qlk6Qnu\">C\u00e1psula Sensor V3 Rastreador Sem Fio C\u00e1psula ESP32 S3 LoRa, LoRawan, WiFi, Blue-tooth e GPS<\/strong><\/p>\n<p>C\u00e1psula Sensor V3 \u00e9 um pequeno dispositivo LoRa\/LoRaWAN port\u00e1til baseado em ESP32-S3 e SX1262. O design modular permite que ele se adapte a diferentes sensores, para que voc\u00ea possa facilmente incorporar v\u00e1rios aplica\u00e7\u00f5es em IoT.<\/p>\n<p>Gra\u00e7as \u00e0 tecnologia WirelessBoot, o Capsule Sensor V3 \u00e9 pequeno, elegante, \u00e0 prova d&#8217;\u00e1gua (IP65) e possui uma bateria recarreg\u00e1vel de 250mA que permite uma autonomia de cerca de 6 meses, tornando-o perfeito para ambientes complexos.<\/p>\n","protected":false},"featured_media":388,"comment_status":"open","ping_status":"closed","template":"","meta":[],"product_brand":[],"product_cat":[22],"product_tag":[],"class_list":{"0":"post-385","1":"product","2":"type-product","3":"status-publish","4":"has-post-thumbnail","6":"product_cat-iot","8":"first","9":"instock","10":"shipping-taxable","11":"purchasable","12":"product-type-simple"},"_links":{"self":[{"href":"https:\/\/www.extrom.io\/w\/wordpress\/index.php\/wp-json\/wp\/v2\/product\/385","targetHints":{"allow":["GET"]}}],"collection":[{"href":"https:\/\/www.extrom.io\/w\/wordpress\/index.php\/wp-json\/wp\/v2\/product"}],"about":[{"href":"https:\/\/www.extrom.io\/w\/wordpress\/index.php\/wp-json\/wp\/v2\/types\/product"}],"replies":[{"embeddable":true,"href":"https:\/\/www.extrom.io\/w\/wordpress\/index.php\/wp-json\/wp\/v2\/comments?post=385"}],"wp:featuredmedia":[{"embeddable":true,"href":"https:\/\/www.extrom.io\/w\/wordpress\/index.php\/wp-json\/wp\/v2\/media\/388"}],"wp:attachment":[{"href":"https:\/\/www.extrom.io\/w\/wordpress\/index.php\/wp-json\/wp\/v2\/media?parent=385"}],"wp:term":[{"taxonomy":"product_brand","embeddable":true,"href":"https:\/\/www.extrom.io\/w\/wordpress\/index.php\/wp-json\/wp\/v2\/product_brand?post=385"},{"taxonomy":"product_cat","embeddable":true,"href":"https:\/\/www.extrom.io\/w\/wordpress\/index.php\/wp-json\/wp\/v2\/product_cat?post=385"},{"taxonomy":"product_tag","embeddable":true,"href":"https:\/\/www.extrom.io\/w\/wordpress\/index.php\/wp-json\/wp\/v2\/product_tag?post=385"}],"curies":[{"name":"wp","href":"https:\/\/api.w.org\/{rel}","templated":true}]}}