{"id":358,"date":"2024-08-20T11:26:56","date_gmt":"2024-08-20T14:26:56","guid":{"rendered":"https:\/\/www.extrom.io\/w\/wordpress\/?post_type=product&#038;p=358"},"modified":"2024-11-06T11:06:34","modified_gmt":"2024-11-06T14:06:34","slug":"wireless-bridge-lora-wifi-bluetooth","status":"publish","type":"product","link":"https:\/\/www.extrom.io\/w\/wordpress\/index.php\/product\/wireless-bridge-lora-wifi-bluetooth\/","title":{"rendered":"Wireless Bridge Lora\/Wifi\/Bluetooth"},"content":{"rendered":"<p style=\"text-align: right;\"><span style=\"font-size: small;\">Utilize password=&#8221;visitante&#8221;, senha=&#8221;visitante&#8221;, selecione <\/span><span style=\"font-size: small;\">a op\u00e7\u00e3o &#8220;Freezer&#8221;e<br \/>\nselecione atualiza\u00e7\u00e3o de 5 minutos no exemplo do Dashboard para esta aplica\u00e7\u00e3o.<br \/>\nLink: <a href=\"https:\/\/www.grafana.extrom.io\">https:\/\/www.grafana.extrom.io<\/a><\/span><\/p>\n<div class=\"elementor-element elementor-element-e80d7aa elementor-icon-list--layout-traditional elementor-list-item-link-full_width elementor-widget elementor-widget-icon-list\" data-id=\"e80d7aa\" data-element_type=\"widget\" data-widget_type=\"icon-list.default\">\n<div class=\"elementor-widget-container\">\n<h2 class=\"elementor-heading-title elementor-size-default\">Specifications<\/h2>\n<ul class=\"elementor-icon-list-items\">\n<li class=\"elementor-icon-list-item\"><span class=\"elementor-icon-list-text\">CE Certificate;<\/span><\/li>\n<li class=\"elementor-icon-list-item\"><span class=\"elementor-icon-list-text\">Microprocessor: ESP32 (dual-core 32-bit MCU + ULP core), with LoRa node chip SX1276;<\/span><\/li>\n<li class=\"elementor-icon-list-item\"><span class=\"elementor-icon-list-text\">8M Byte SDRAM and 8M Byte FLASH, these features will allow WiFi and BlueTooth to work at the same time.<\/span><\/li>\n<li class=\"elementor-icon-list-item\"><span class=\"elementor-icon-list-text\">+5V DC Micro USB power input, with a complete voltage regulator, ESD protection, short circuit protection, RF shielding, and other protection measures;<\/span><\/li>\n<li class=\"elementor-icon-list-item\"><span class=\"elementor-icon-list-text\">SMA socket for LoRa, WiFi\/BlueTooth antenna;<\/span><\/li>\n<li class=\"elementor-icon-list-item\"><span class=\"elementor-icon-list-text\">Integrated CP2102 USB to serial port chip, convenient for program downloading, debugging information printing.<\/span><\/li>\n<li class=\"elementor-icon-list-item\"><span class=\"elementor-icon-list-text\">Support the Arduino development environment;<\/span><\/li>\n<\/ul>\n<\/div>\n<\/div>\n<div class=\"elementor-element elementor-element-5c6603a pp-table-center elementor-widget elementor-widget-pp-table\" data-id=\"5c6603a\" data-element_type=\"widget\" data-settings=\"{&quot;table_type&quot;:&quot;responsive&quot;,&quot;scrollable&quot;:&quot;no&quot;}\" data-widget_type=\"pp-table.default\">\n<div class=\"elementor-widget-container\">\n<div class=\"pp-table-container\">\n<table class=\"pp-table tablesaw\" data-tablesaw-mode=\"stack\">\n<colgroup>\n<col class=\"elementor-repeater-item-04a7736\" style=\"width: 200px;\" span=\"1\" \/> <\/colgroup>\n<thead>\n<tr class=\"pp-table-row\">\n<th class=\"pp-table-cell pp-table-cell-7e11869\"><span class=\"pp-table-cell-content\"><span class=\"pp-table-cell-text\">Parameters<\/span><\/span><\/th>\n<th class=\"pp-table-cell pp-table-cell-0e994eb\"><span class=\"pp-table-cell-content\"><span class=\"pp-table-cell-text\">Description<\/span><\/span><\/th>\n<\/tr>\n<\/thead>\n<tfoot><\/tfoot>\n<tbody>\n<tr>\n<td class=\"pp-table-cell pp-table-cell-b705966\"><span class=\"pp-table-cell-content\"><span class=\"pp-table-cell-text\">Master Chip<\/span><\/span><\/td>\n<td class=\"pp-table-cell pp-table-cell-46cb923\"><span class=\"pp-table-cell-content\"><span class=\"pp-table-cell-text\">ESP32-D0WDQ6<\/span><\/span><\/td>\n<\/tr>\n<tr>\n<td class=\"pp-table-cell pp-table-cell-2248941\"><span class=\"pp-table-cell-content\"><span class=\"pp-table-cell-text\">LoRa Chipset<\/span><\/span><\/td>\n<td class=\"pp-table-cell pp-table-cell-8166039\"><span class=\"pp-table-cell-content\"><span class=\"pp-table-cell-text\">SX1276<\/span><\/span><\/td>\n<\/tr>\n<tr>\n<td class=\"pp-table-cell pp-table-cell-5decf54\"><span class=\"pp-table-cell-content\"><span class=\"pp-table-cell-text\">USB to Serial Chip<\/span><\/span><\/td>\n<td class=\"pp-table-cell pp-table-cell-ad20c53\"><span class=\"pp-table-cell-content\"><span class=\"pp-table-cell-text\">CP2102<br \/>\n<\/span><\/span><\/td>\n<\/tr>\n<tr>\n<td class=\"pp-table-cell pp-table-cell-cb43d6e\"><span class=\"pp-table-cell-content\"><span class=\"pp-table-cell-text\">Frequency<\/span><\/span><\/td>\n<td class=\"pp-table-cell pp-table-cell-3bcee6f\"><span class=\"pp-table-cell-content\"><span class=\"pp-table-cell-text\">470~510MHz,<br \/>\n863~928MHz<\/span><\/span><\/td>\n<\/tr>\n<tr>\n<td class=\"pp-table-cell pp-table-cell-cce53d4\"><span class=\"pp-table-cell-content\"><span class=\"pp-table-cell-text\">Max. TX Power<\/span><\/span><\/td>\n<td class=\"pp-table-cell pp-table-cell-10c999a\"><span class=\"pp-table-cell-content\"><span class=\"pp-table-cell-text\">18d B \u00b1 1d B<\/span><\/span><\/td>\n<\/tr>\n<tr>\n<td class=\"pp-table-cell pp-table-cell-ce9a965\"><span class=\"pp-table-cell-content\"><span class=\"pp-table-cell-text\">Max. Receiving Sensitivity<\/span><\/span><\/td>\n<td class=\"pp-table-cell pp-table-cell-27a6903\"><span class=\"pp-table-cell-content\"><span class=\"pp-table-cell-text\"><br \/>\n-135dBm<\/span><\/span><\/td>\n<\/tr>\n<tr>\n<td class=\"pp-table-cell pp-table-cell-24b726b\"><span class=\"pp-table-cell-content\"><span class=\"pp-table-cell-text\">Wi-Fi<\/span><\/span><\/td>\n<td class=\"pp-table-cell pp-table-cell-7eb4343\"><span class=\"pp-table-cell-content\"><span class=\"pp-table-cell-text\">802.11 b\/g\/n, up to 150Mbps<\/span><\/span><\/td>\n<\/tr>\n<tr>\n<td class=\"pp-table-cell pp-table-cell-318d5cd\"><span class=\"pp-table-cell-content\"><span class=\"pp-table-cell-text\">Bluetooth<\/span><\/span><\/td>\n<td class=\"pp-table-cell pp-table-cell-8815b49\"><span class=\"pp-table-cell-content\"><span class=\"pp-table-cell-text\">Bluetooth V4.2 BR\/EDR and Bluetooth LE sepcification<\/span><\/span><\/td>\n<\/tr>\n<tr>\n<td class=\"pp-table-cell pp-table-cell-e7125cf\"><span class=\"pp-table-cell-content\"><span class=\"pp-table-cell-text\">Memory<\/span><\/span><\/td>\n<td class=\"pp-table-cell pp-table-cell-ca04eb7\"><span class=\"pp-table-cell-content\"><span class=\"pp-table-cell-text\">8MB(64M-bits) SPI FLASH,<br \/>\ninternal 520KB SRAM,<br \/>\n8MB(64M-bits) PSRAM<\/span><\/span><\/td>\n<\/tr>\n<tr>\n<td class=\"pp-table-cell pp-table-cell-4ff6664\"><span class=\"pp-table-cell-content\"><span class=\"pp-table-cell-text\">Battery <\/span><\/span><\/td>\n<td class=\"pp-table-cell pp-table-cell-e884aa0\"><span class=\"pp-table-cell-content\"><span class=\"pp-table-cell-text\">3.7V lithium battery power supply and charging<br \/>\n<\/span><\/span><\/td>\n<\/tr>\n<tr>\n<td class=\"pp-table-cell pp-table-cell-c25d313\"><span class=\"pp-table-cell-content\"><span class=\"pp-table-cell-text\">Operating temperature <\/span><\/span><\/td>\n<td class=\"pp-table-cell pp-table-cell-b308c33\"><span class=\"pp-table-cell-content\"><span class=\"pp-table-cell-text\">-20 ~ 70 \u2103<\/span><\/span><\/td>\n<\/tr>\n<tr>\n<td class=\"pp-table-cell pp-table-cell-80b619e\"><span class=\"pp-table-cell-content\"><span class=\"pp-table-cell-text\">Dimensions <\/span><\/span><\/td>\n<td class=\"pp-table-cell pp-table-cell-ad7edb3\"><span class=\"pp-table-cell-content\"><span class=\"pp-table-cell-text\">66(+10) x 30 x 15 mm<\/span><\/span><\/td>\n<\/tr>\n<tr>\n<td class=\"pp-table-cell pp-table-cell-70da61f\"><span class=\"pp-table-cell-content\"><span class=\"pp-table-cell-text\">Interface<\/span><\/span><\/td>\n<td class=\"pp-table-cell pp-table-cell-df28d63\"><span class=\"pp-table-cell-content\"><span class=\"pp-table-cell-text\">Micro USB*1;<br \/>\nLoRa Antenna interface(SMA);<br \/>\n2.4G Antenna interface(SMA)<\/span><\/span><\/td>\n<\/tr>\n<tr>\n<td class=\"pp-table-cell pp-table-cell-0c561b4\"><span class=\"pp-table-cell-content\"><span class=\"pp-table-cell-text\">Low Power<\/span><\/span><\/td>\n<td class=\"pp-table-cell pp-table-cell-1501e6a\"><span class=\"pp-table-cell-content\"><span class=\"pp-table-cell-text\">Deep sleep 800\u03bcA<\/span><\/span><\/td>\n<\/tr>\n<\/tbody>\n<\/table>\n<\/div>\n<\/div>\n<\/div>\n<section class=\"elementor-section elementor-top-section elementor-element elementor-element-08a2612 elementor-section-boxed elementor-section-height-default elementor-section-height-default\" data-id=\"08a2612\" data-element_type=\"section\">\n<div class=\"elementor-container elementor-column-gap-default\">\n<div class=\"elementor-column elementor-col-100 elementor-top-column elementor-element elementor-element-4e4cff9\" data-id=\"4e4cff9\" data-element_type=\"column\">\n<div class=\"elementor-widget-wrap elementor-element-populated\">\n<div class=\"elementor-element elementor-element-0bc12a2 elementor-widget-divider--view-line elementor-widget elementor-widget-divider\" data-id=\"0bc12a2\" data-element_type=\"widget\" data-widget_type=\"divider.default\">\n<div class=\"elementor-widget-container\">\n<div class=\"elementor-divider\"><span class=\"elementor-divider-separator\">\u00a0<\/span><\/div>\n<\/div>\n<\/div>\n<div class=\"elementor-element elementor-element-eb938b5 elementor-widget elementor-widget-heading\" data-id=\"eb938b5\" data-element_type=\"widget\" data-widget_type=\"heading.default\">\n<div class=\"elementor-widget-container\">\n<p>Docs &amp; Resource<br \/>\n[Resource] \u2014 <a href=\"https:\/\/github.com\/Heltec-Aaron-Lee\/WiFi_Kit_series\">Heltec ESP(ESP32&amp;ESP8266) framework<\/a><br \/>\n[Resource] \u2014 <a href=\"https:\/\/github.com\/HelTecAutomation\/Heltec_ESP32\">Heltec Esp32 Library<\/a><br \/>\n[Docs] \u2014 <a href=\"https:\/\/docs.heltec.org\/en\/node\/esp32\/wireless_bridge\/index.html\">User Manual Document<\/a><\/p>\n<div class=\"_df_book df-lite\" id=\"df_381\"  _slug=\"wireless-bridge\" data-title=\"wireless-bridge\" wpoptions=\"true\" thumbtype=\"\" ><\/div><script class=\"df-shortcode-script\" type=\"application\/javascript\">window.option_df_381 = {\"outline\":[],\"autoEnableOutline\":\"false\",\"autoEnableThumbnail\":\"false\",\"overwritePDFOutline\":\"false\",\"direction\":\"1\",\"pageSize\":\"0\",\"source\":\"https:\\\/\\\/www.extrom.io\\\/w\\\/wordpress\\\/wp-content\\\/uploads\\\/2024\\\/08\\\/bridge.pdf\",\"wpOptions\":\"true\"}; if(window.DFLIP && window.DFLIP.parseBooks){window.DFLIP.parseBooks();}<\/script>\n<\/div>\n<\/div>\n<\/div>\n<\/div>\n<\/div>\n<\/section>\n","protected":false},"excerpt":{"rendered":"<p>WiFi e Bluetooth t\u00eam sido amplamente utilizados em v\u00e1rios cen\u00e1rios, especialmente em termos de velocidade de comunica\u00e7\u00e3o, que t\u00eam vantagens \u00f3bvias. Quase todos os telefones celulares agora integram fun\u00e7\u00f5es WiFi e Bluetooth, mas a dist\u00e2ncia de comunica\u00e7\u00e3o \u00e9 sua defici\u00eancia. Existe algum hardware que possa combinar as vantagens de longa dist\u00e2ncia do LoRa com as vantagens do WiFi\/Bluetooth?<\/p>\n<p>O Wireless Bridge \u00e9 um desses produtos. Baseado em chips ESP32 e SX1276, a bordo 8M Byte SDRAM e 8M Byte FLASH, WiFi e Bluetooth podem trabalhar ao mesmo tempo. \u00c9 uma ponte que converte sinais &#8220;WiFi\/Bluetooth &#8211; LoRa&#8221; entre si.<\/p>\n","protected":false},"featured_media":362,"comment_status":"open","ping_status":"closed","template":"","meta":[],"product_brand":[],"product_cat":[22],"product_tag":[],"class_list":{"0":"post-358","1":"product","2":"type-product","3":"status-publish","4":"has-post-thumbnail","6":"product_cat-iot","8":"first","9":"instock","10":"shipping-taxable","11":"purchasable","12":"product-type-simple"},"_links":{"self":[{"href":"https:\/\/www.extrom.io\/w\/wordpress\/index.php\/wp-json\/wp\/v2\/product\/358","targetHints":{"allow":["GET"]}}],"collection":[{"href":"https:\/\/www.extrom.io\/w\/wordpress\/index.php\/wp-json\/wp\/v2\/product"}],"about":[{"href":"https:\/\/www.extrom.io\/w\/wordpress\/index.php\/wp-json\/wp\/v2\/types\/product"}],"replies":[{"embeddable":true,"href":"https:\/\/www.extrom.io\/w\/wordpress\/index.php\/wp-json\/wp\/v2\/comments?post=358"}],"wp:featuredmedia":[{"embeddable":true,"href":"https:\/\/www.extrom.io\/w\/wordpress\/index.php\/wp-json\/wp\/v2\/media\/362"}],"wp:attachment":[{"href":"https:\/\/www.extrom.io\/w\/wordpress\/index.php\/wp-json\/wp\/v2\/media?parent=358"}],"wp:term":[{"taxonomy":"product_brand","embeddable":true,"href":"https:\/\/www.extrom.io\/w\/wordpress\/index.php\/wp-json\/wp\/v2\/product_brand?post=358"},{"taxonomy":"product_cat","embeddable":true,"href":"https:\/\/www.extrom.io\/w\/wordpress\/index.php\/wp-json\/wp\/v2\/product_cat?post=358"},{"taxonomy":"product_tag","embeddable":true,"href":"https:\/\/www.extrom.io\/w\/wordpress\/index.php\/wp-json\/wp\/v2\/product_tag?post=358"}],"curies":[{"name":"wp","href":"https:\/\/api.w.org\/{rel}","templated":true}]}}