{"id":353,"date":"2024-08-19T19:55:06","date_gmt":"2024-08-19T22:55:06","guid":{"rendered":"https:\/\/www.extrom.io\/w\/wordpress\/?post_type=product&#038;p=353"},"modified":"2025-12-23T15:34:31","modified_gmt":"2025-12-23T18:34:31","slug":"tl-136","status":"publish","type":"product","link":"https:\/\/www.extrom.io\/w\/wordpress\/index.php\/product\/tl-136\/","title":{"rendered":"Transmissor De N\u00edvel Submers\u00edvel"},"content":{"rendered":"<p>Caracter\u00edstica:<\/p>\n<p>Transmissor do n\u00edvel 1. Input, difus\u00e3o alta do silicone, monitora\u00e7\u00e3o mais exata do n\u00edvel de \u00e1gua.<br \/>\n2. Todo o circuito condicionando digital, sa\u00edda 4-20mA \u00e9 mais est\u00e1vel.<br \/>\n3. Prote\u00e7\u00e3o imperme\u00e1vel multicamada IP68, mais segura de usar.<br \/>\n4. 45 graus \u00e2ngulo obl\u00edquo anti-choque, destac\u00e1vel anti-bloqueio projetado.<br \/>\n5. O meio medido \u00e9 \u00e1gua que n\u00e3o corr\u00f3i o a\u00e7o inoxid\u00e1vel.<\/p>\n<p>Especifica\u00e7\u00e3o:<\/p>\n<p>Tipo De Item: Sensor De N\u00edvel L\u00edquido<br \/>\nMeio testado: \u00c1gua (l\u00edquido que n\u00e3o corr\u00f3i o a\u00e7o inoxid\u00e1vel)<br \/>\nComprimento do cabo do guia: 5 metros<br \/>\nFaixa de medi\u00e7\u00e3o: 0-5 metros<br \/>\nMedi\u00e7\u00e3o Precis\u00e3o: 0,2% FS-0.5 % FS (convencional)<br \/>\nSa\u00edda: 4-20mA<br \/>\nTens\u00e3o do fornecimento: 12-32VDC<br \/>\nTemperatura m\u00e9dia: -20-75 \u2103<br \/>\nTemperatura ambiente: -30-80 \u2103<br \/>\nCompensa\u00e7\u00e3o da temperatura: -10-70 \u2103<br \/>\nSobrecarga Capacidade: &lt;200%<br \/>\nProte\u00e7\u00e3o N\u00edvel: IP68<br \/>\nTemperatura Fonte Mudan\u00e7a: \u00b1 0.01% FS \/ \u2103<br \/>\nEstabilidade a longo prazo: \u00b1 0,2% FS\/ano<br \/>\nM\u00e1quina Impacto: 20g (20-5000HZ)<br \/>\nMaterial do produto: a\u00e7o inoxid\u00e1vel 304<\/p>\n","protected":false},"excerpt":{"rendered":"<p>Transmissor De N\u00edvel Submers\u00edvel, alimenta\u00e7\u00e3o 12-32VDC e comunica\u00e7\u00e3o via Loop de Corrente 4-20mA<br \/>\nFaixa de medi\u00e7\u00e3o 5 metros.<\/p>\n","protected":false},"featured_media":354,"comment_status":"open","ping_status":"closed","template":"","meta":[],"product_brand":[],"product_cat":[23,22],"product_tag":[],"class_list":{"0":"post-353","1":"product","2":"type-product","3":"status-publish","4":"has-post-thumbnail","6":"product_cat-instrumentacao","7":"product_cat-iot","9":"first","10":"instock","11":"shipping-taxable","12":"purchasable","13":"product-type-simple"},"_links":{"self":[{"href":"https:\/\/www.extrom.io\/w\/wordpress\/index.php\/wp-json\/wp\/v2\/product\/353","targetHints":{"allow":["GET"]}}],"collection":[{"href":"https:\/\/www.extrom.io\/w\/wordpress\/index.php\/wp-json\/wp\/v2\/product"}],"about":[{"href":"https:\/\/www.extrom.io\/w\/wordpress\/index.php\/wp-json\/wp\/v2\/types\/product"}],"replies":[{"embeddable":true,"href":"https:\/\/www.extrom.io\/w\/wordpress\/index.php\/wp-json\/wp\/v2\/comments?post=353"}],"wp:featuredmedia":[{"embeddable":true,"href":"https:\/\/www.extrom.io\/w\/wordpress\/index.php\/wp-json\/wp\/v2\/media\/354"}],"wp:attachment":[{"href":"https:\/\/www.extrom.io\/w\/wordpress\/index.php\/wp-json\/wp\/v2\/media?parent=353"}],"wp:term":[{"taxonomy":"product_brand","embeddable":true,"href":"https:\/\/www.extrom.io\/w\/wordpress\/index.php\/wp-json\/wp\/v2\/product_brand?post=353"},{"taxonomy":"product_cat","embeddable":true,"href":"https:\/\/www.extrom.io\/w\/wordpress\/index.php\/wp-json\/wp\/v2\/product_cat?post=353"},{"taxonomy":"product_tag","embeddable":true,"href":"https:\/\/www.extrom.io\/w\/wordpress\/index.php\/wp-json\/wp\/v2\/product_tag?post=353"}],"curies":[{"name":"wp","href":"https:\/\/api.w.org\/{rel}","templated":true}]}}