{"id":336,"date":"2024-08-07T13:51:44","date_gmt":"2024-08-07T16:51:44","guid":{"rendered":"https:\/\/www.extrom.io\/w\/wordpress\/?post_type=product&#038;p=336"},"modified":"2025-12-23T14:59:22","modified_gmt":"2025-12-23T17:59:22","slug":"protocol-converter-nmea-to-modbus","status":"publish","type":"product","link":"https:\/\/www.extrom.io\/w\/wordpress\/index.php\/product\/protocol-converter-nmea-to-modbus\/","title":{"rendered":"Protocol Converter NMEA to MODBUS"},"content":{"rendered":"<p><div class=\"_df_book df-lite\" id=\"df_337\"  _slug=\"ms4911-conversor-de-ptotocolo-nmea-to-modbus\" data-title=\"ms4911-conversor-de-ptotocolo-nmea-to-modbus\" wpoptions=\"true\" thumbtype=\"\" ><\/div><script class=\"df-shortcode-script\" type=\"application\/javascript\">window.option_df_337 = {\"outline\":[],\"autoEnableOutline\":\"false\",\"autoEnableThumbnail\":\"false\",\"overwritePDFOutline\":\"false\",\"direction\":\"1\",\"pageSize\":\"0\",\"source\":\"https:\\\/\\\/www.extrom.io\\\/w\\\/wordpress\\\/wp-content\\\/uploads\\\/2024\\\/08\\\/MS4911-Conversor-de-ptotocolo-NMEA-to-MODBUS.pdf\",\"wpOptions\":\"true\"}; if(window.DFLIP && window.DFLIP.parseBooks){window.DFLIP.parseBooks();}<\/script><br \/>\n<div class=\"_df_book df-lite\" id=\"df_340\"  _slug=\"ms4911-protocolo-nmea-to-modbus-may-27-2022\" data-title=\"ms4911-protocolo-nmea-to-modbus-may-27-2022\" wpoptions=\"true\" thumbtype=\"\" ><\/div><script class=\"df-shortcode-script\" type=\"application\/javascript\">window.option_df_340 = {\"outline\":[],\"autoEnableOutline\":\"false\",\"autoEnableThumbnail\":\"false\",\"overwritePDFOutline\":\"false\",\"direction\":\"1\",\"pageSize\":\"0\",\"source\":\"https:\\\/\\\/www.extrom.io\\\/w\\\/wordpress\\\/wp-content\\\/uploads\\\/2024\\\/08\\\/MS4911-Protocolo-NMEA-to-MODBUS-May-27-2022.pdf\",\"wpOptions\":\"true\"}; if(window.DFLIP && window.DFLIP.parseBooks){window.DFLIP.parseBooks();}<\/script><\/p>\n","protected":false},"excerpt":{"rendered":"<p>Originalmente desenvolvido para a SOTREQ, o modulo MS4911 permite encapsular uma mensagem qualquer no protocolo NMEA, chegando atrav\u00e9s de uma porta serial do tipo RS485, dentro de uma fun\u00e7\u00e3o 43 do protocolo MODBUS TCPIP disponibilizado atrav\u00e9s de uma interface \u00e1 cabo Ethernet por conector 10Base-T.<br \/>\nSomado a este recurso o modulo possui a capacidade de disponibilizar a mesma informa\u00e7\u00e3o atrav\u00e9s de uma plataforma em NUVEM IoT e armazenar a mesma para prover hist\u00f3ricos a qualquer momento.<\/p>\n","protected":false},"featured_media":314,"comment_status":"open","ping_status":"closed","template":"","meta":[],"product_brand":[],"product_cat":[22],"product_tag":[],"class_list":{"0":"post-336","1":"product","2":"type-product","3":"status-publish","4":"has-post-thumbnail","6":"product_cat-iot","8":"first","9":"instock","10":"shipping-taxable","11":"purchasable","12":"product-type-simple"},"_links":{"self":[{"href":"https:\/\/www.extrom.io\/w\/wordpress\/index.php\/wp-json\/wp\/v2\/product\/336","targetHints":{"allow":["GET"]}}],"collection":[{"href":"https:\/\/www.extrom.io\/w\/wordpress\/index.php\/wp-json\/wp\/v2\/product"}],"about":[{"href":"https:\/\/www.extrom.io\/w\/wordpress\/index.php\/wp-json\/wp\/v2\/types\/product"}],"replies":[{"embeddable":true,"href":"https:\/\/www.extrom.io\/w\/wordpress\/index.php\/wp-json\/wp\/v2\/comments?post=336"}],"wp:featuredmedia":[{"embeddable":true,"href":"https:\/\/www.extrom.io\/w\/wordpress\/index.php\/wp-json\/wp\/v2\/media\/314"}],"wp:attachment":[{"href":"https:\/\/www.extrom.io\/w\/wordpress\/index.php\/wp-json\/wp\/v2\/media?parent=336"}],"wp:term":[{"taxonomy":"product_brand","embeddable":true,"href":"https:\/\/www.extrom.io\/w\/wordpress\/index.php\/wp-json\/wp\/v2\/product_brand?post=336"},{"taxonomy":"product_cat","embeddable":true,"href":"https:\/\/www.extrom.io\/w\/wordpress\/index.php\/wp-json\/wp\/v2\/product_cat?post=336"},{"taxonomy":"product_tag","embeddable":true,"href":"https:\/\/www.extrom.io\/w\/wordpress\/index.php\/wp-json\/wp\/v2\/product_tag?post=336"}],"curies":[{"name":"wp","href":"https:\/\/api.w.org\/{rel}","templated":true}]}}