{"id":325,"date":"2024-08-07T12:48:49","date_gmt":"2024-08-07T15:48:49","guid":{"rendered":"https:\/\/www.extrom.io\/w\/wordpress\/?post_type=product&#038;p=325"},"modified":"2024-11-05T10:46:22","modified_gmt":"2024-11-05T13:46:22","slug":"medicao-de-turbidez-iot","status":"publish","type":"product","link":"https:\/\/www.extrom.io\/w\/wordpress\/index.php\/product\/medicao-de-turbidez-iot\/","title":{"rendered":"Medi\u00e7\u00e3o de Turbidez IoT"},"content":{"rendered":"<div class=\"_df_book df-lite\" id=\"df_322\"  _slug=\"ms4919-medicao-de-turbidez-iot\" data-title=\"ms4919-medicao-de-turbidez-iot\" wpoptions=\"true\" thumbtype=\"\" ><\/div><script class=\"df-shortcode-script\" type=\"application\/javascript\">window.option_df_322 = {\"outline\":[],\"autoEnableOutline\":\"false\",\"autoEnableThumbnail\":\"false\",\"overwritePDFOutline\":\"false\",\"direction\":\"1\",\"pageSize\":\"0\",\"source\":\"https:\\\/\\\/www.extrom.io\\\/w\\\/wordpress\\\/wp-content\\\/uploads\\\/2024\\\/08\\\/MS4919-Medicao-de-Turbidez-IoT.pdf\",\"wpOptions\":\"true\"}; if(window.DFLIP && window.DFLIP.parseBooks){window.DFLIP.parseBooks();}<\/script>\n","protected":false},"excerpt":{"rendered":"<p>M\u00f3dulo para medi\u00e7\u00e3o da Turbidez da \u00e1gua, refere-se ao grau de turbidez causado por subst\u00e2ncias suspensas, como silte, argila, mat\u00e9ria org\u00e2nica, pl\u00e2ncton e microrganismos contidos na \u00e1gua. Sensores de turbidez de n\u00edvel industrial ou medidores de turbidez s\u00e3o caros e o custo \u00e9 muito alto em design de produtos eletr\u00f4nicos. Portanto, selecionamos um sensor de turbidez amplamente utilizado em eletrodom\u00e9sticos, m\u00e1quinas de lavar e lava-lou\u00e7as. O sensor usa princ\u00edpios \u00f3pticos para avaliar de forma abrangente a turbidez por meio da transmiss\u00e3o de luz e da taxa de dispers\u00e3o na solu\u00e7\u00e3o. Dentro do sensor h\u00e1 um tubo infravermelho. Quando a luz passa por uma certa quantidade de \u00e1gua, a quantidade de transmiss\u00e3o de luz.<\/p>\n","protected":false},"featured_media":314,"comment_status":"open","ping_status":"closed","template":"","meta":[],"product_brand":[],"product_cat":[22],"product_tag":[],"class_list":{"0":"post-325","1":"product","2":"type-product","3":"status-publish","4":"has-post-thumbnail","6":"product_cat-iot","8":"first","9":"instock","10":"shipping-taxable","11":"purchasable","12":"product-type-simple"},"_links":{"self":[{"href":"https:\/\/www.extrom.io\/w\/wordpress\/index.php\/wp-json\/wp\/v2\/product\/325","targetHints":{"allow":["GET"]}}],"collection":[{"href":"https:\/\/www.extrom.io\/w\/wordpress\/index.php\/wp-json\/wp\/v2\/product"}],"about":[{"href":"https:\/\/www.extrom.io\/w\/wordpress\/index.php\/wp-json\/wp\/v2\/types\/product"}],"replies":[{"embeddable":true,"href":"https:\/\/www.extrom.io\/w\/wordpress\/index.php\/wp-json\/wp\/v2\/comments?post=325"}],"wp:featuredmedia":[{"embeddable":true,"href":"https:\/\/www.extrom.io\/w\/wordpress\/index.php\/wp-json\/wp\/v2\/media\/314"}],"wp:attachment":[{"href":"https:\/\/www.extrom.io\/w\/wordpress\/index.php\/wp-json\/wp\/v2\/media?parent=325"}],"wp:term":[{"taxonomy":"product_brand","embeddable":true,"href":"https:\/\/www.extrom.io\/w\/wordpress\/index.php\/wp-json\/wp\/v2\/product_brand?post=325"},{"taxonomy":"product_cat","embeddable":true,"href":"https:\/\/www.extrom.io\/w\/wordpress\/index.php\/wp-json\/wp\/v2\/product_cat?post=325"},{"taxonomy":"product_tag","embeddable":true,"href":"https:\/\/www.extrom.io\/w\/wordpress\/index.php\/wp-json\/wp\/v2\/product_tag?post=325"}],"curies":[{"name":"wp","href":"https:\/\/api.w.org\/{rel}","templated":true}]}}