{"id":318,"date":"2024-08-07T11:15:47","date_gmt":"2024-08-07T14:15:47","guid":{"rendered":"https:\/\/www.extrom.io\/w\/wordpress\/?post_type=product&#038;p=318"},"modified":"2024-11-05T10:45:38","modified_gmt":"2024-11-05T13:45:38","slug":"ms4925-medicao-de-condutividade-e-temperatura","status":"publish","type":"product","link":"https:\/\/www.extrom.io\/w\/wordpress\/index.php\/product\/ms4925-medicao-de-condutividade-e-temperatura\/","title":{"rendered":"Medi\u00e7\u00e3o de Condutividade e Temperatura"},"content":{"rendered":"<div class=\"_df_book df-lite\" id=\"df_319\"  _slug=\"ms4925-medicao-de-condutividade-e-temperatura\" data-title=\"ms4925-medicao-de-condutividade-e-temperatura\" wpoptions=\"true\" thumbtype=\"\" ><\/div><script class=\"df-shortcode-script\" type=\"application\/javascript\">window.option_df_319 = {\"outline\":[],\"autoEnableOutline\":\"false\",\"autoEnableThumbnail\":\"false\",\"overwritePDFOutline\":\"false\",\"direction\":\"1\",\"pageSize\":\"0\",\"source\":\"https:\\\/\\\/www.extrom.io\\\/w\\\/wordpress\\\/wp-content\\\/uploads\\\/2024\\\/08\\\/MS4925-Medicao-de-Condutividade-e-Temperatura.pdf\",\"wpOptions\":\"true\"}; if(window.DFLIP && window.DFLIP.parseBooks){window.DFLIP.parseBooks();}<\/script>\n","protected":false},"excerpt":{"rendered":"<p>M\u00f3dulo para medi\u00e7\u00e3o de qualidade da \u00e1gua por condutividade cont\u00ednua.<\/p>\n","protected":false},"featured_media":314,"comment_status":"open","ping_status":"closed","template":"","meta":[],"product_brand":[],"product_cat":[15],"product_tag":[],"class_list":{"0":"post-318","1":"product","2":"type-product","3":"status-publish","4":"has-post-thumbnail","6":"product_cat-uncategorized","8":"first","9":"instock","10":"shipping-taxable","11":"purchasable","12":"product-type-simple"},"_links":{"self":[{"href":"https:\/\/www.extrom.io\/w\/wordpress\/index.php\/wp-json\/wp\/v2\/product\/318","targetHints":{"allow":["GET"]}}],"collection":[{"href":"https:\/\/www.extrom.io\/w\/wordpress\/index.php\/wp-json\/wp\/v2\/product"}],"about":[{"href":"https:\/\/www.extrom.io\/w\/wordpress\/index.php\/wp-json\/wp\/v2\/types\/product"}],"replies":[{"embeddable":true,"href":"https:\/\/www.extrom.io\/w\/wordpress\/index.php\/wp-json\/wp\/v2\/comments?post=318"}],"wp:featuredmedia":[{"embeddable":true,"href":"https:\/\/www.extrom.io\/w\/wordpress\/index.php\/wp-json\/wp\/v2\/media\/314"}],"wp:attachment":[{"href":"https:\/\/www.extrom.io\/w\/wordpress\/index.php\/wp-json\/wp\/v2\/media?parent=318"}],"wp:term":[{"taxonomy":"product_brand","embeddable":true,"href":"https:\/\/www.extrom.io\/w\/wordpress\/index.php\/wp-json\/wp\/v2\/product_brand?post=318"},{"taxonomy":"product_cat","embeddable":true,"href":"https:\/\/www.extrom.io\/w\/wordpress\/index.php\/wp-json\/wp\/v2\/product_cat?post=318"},{"taxonomy":"product_tag","embeddable":true,"href":"https:\/\/www.extrom.io\/w\/wordpress\/index.php\/wp-json\/wp\/v2\/product_tag?post=318"}],"curies":[{"name":"wp","href":"https:\/\/api.w.org\/{rel}","templated":true}]}}