{"id":313,"date":"2024-08-07T10:51:39","date_gmt":"2024-08-07T13:51:39","guid":{"rendered":"https:\/\/www.extrom.io\/w\/wordpress\/?post_type=product&#038;p=313"},"modified":"2025-12-23T15:00:43","modified_gmt":"2025-12-23T18:00:43","slug":"ms4926-manometro-diferencial-iot","status":"publish","type":"product","link":"https:\/\/www.extrom.io\/w\/wordpress\/index.php\/product\/ms4926-manometro-diferencial-iot\/","title":{"rendered":"Man\u00f4metro Diferencial IoT de Ultrabaixa Press\u00e3o Diferencial para aplica\u00e7\u00f5es em Controle de Ambientes"},"content":{"rendered":"<div class=\"_df_book df-lite\" id=\"df_315\"  _slug=\"ms4926-manometro-diferencial-iot\" data-title=\"ms4926-manometro-diferencial-iot\" wpoptions=\"true\" thumbtype=\"\" ><\/div><script class=\"df-shortcode-script\" type=\"application\/javascript\">window.option_df_315 = {\"outline\":[],\"autoEnableOutline\":\"false\",\"autoEnableThumbnail\":\"false\",\"overwritePDFOutline\":\"false\",\"direction\":\"1\",\"pageSize\":\"0\",\"source\":\"https:\\\/\\\/www.extrom.io\\\/w\\\/wordpress\\\/wp-content\\\/uploads\\\/2024\\\/08\\\/MS4926-Manometro-Diferencial-IoT.pdf\",\"wpOptions\":\"true\"}; if(window.DFLIP && window.DFLIP.parseBooks){window.DFLIP.parseBooks();}<\/script>\n","protected":false},"excerpt":{"rendered":"<p>M\u00f3dulo transmissor de press\u00e3o diferencial integra ao sistema de monitoramento IoT  com uma sa\u00edda a RELE para atual no controle de equipamentos de condicionamento para ambientes e foi projetado para aplica\u00e7\u00f5es exigentes em salas limpas, salas de isolamento, sistemas de conforto t\u00e9rmico de pequeno, m\u00e9dio e grande porte.<br \/>\nSua conex\u00e3o \u00e9 trav\u00e9s de dois conectores para tubula\u00e7\u00e3o pneum\u00e1tica de 6 mm, estes tubos devem ser levadas at\u00e9 as \u00e1reas para medi\u00e7\u00e3o, exemplo entrada alta press\u00e3o dentro do ambiente e entrada baixa press\u00e3o fora da sala&#8230;. em quanto que a leitura estiver positiva significa que a press\u00e3o dentro da sala esta alta empurrando o ar para fora n\u00e3o permitindo que entre ar externo na sala&#8230;<\/p>\n","protected":false},"featured_media":314,"comment_status":"open","ping_status":"closed","template":"","meta":[],"product_brand":[],"product_cat":[22],"product_tag":[],"class_list":{"0":"post-313","1":"product","2":"type-product","3":"status-publish","4":"has-post-thumbnail","6":"product_cat-iot","8":"first","9":"instock","10":"shipping-taxable","11":"purchasable","12":"product-type-simple"},"_links":{"self":[{"href":"https:\/\/www.extrom.io\/w\/wordpress\/index.php\/wp-json\/wp\/v2\/product\/313","targetHints":{"allow":["GET"]}}],"collection":[{"href":"https:\/\/www.extrom.io\/w\/wordpress\/index.php\/wp-json\/wp\/v2\/product"}],"about":[{"href":"https:\/\/www.extrom.io\/w\/wordpress\/index.php\/wp-json\/wp\/v2\/types\/product"}],"replies":[{"embeddable":true,"href":"https:\/\/www.extrom.io\/w\/wordpress\/index.php\/wp-json\/wp\/v2\/comments?post=313"}],"wp:featuredmedia":[{"embeddable":true,"href":"https:\/\/www.extrom.io\/w\/wordpress\/index.php\/wp-json\/wp\/v2\/media\/314"}],"wp:attachment":[{"href":"https:\/\/www.extrom.io\/w\/wordpress\/index.php\/wp-json\/wp\/v2\/media?parent=313"}],"wp:term":[{"taxonomy":"product_brand","embeddable":true,"href":"https:\/\/www.extrom.io\/w\/wordpress\/index.php\/wp-json\/wp\/v2\/product_brand?post=313"},{"taxonomy":"product_cat","embeddable":true,"href":"https:\/\/www.extrom.io\/w\/wordpress\/index.php\/wp-json\/wp\/v2\/product_cat?post=313"},{"taxonomy":"product_tag","embeddable":true,"href":"https:\/\/www.extrom.io\/w\/wordpress\/index.php\/wp-json\/wp\/v2\/product_tag?post=313"}],"curies":[{"name":"wp","href":"https:\/\/api.w.org\/{rel}","templated":true}]}}