{"id":240,"date":"2024-08-03T12:12:22","date_gmt":"2024-08-03T15:12:22","guid":{"rendered":"https:\/\/www.extrom.io\/w\/wordpress\/?post_type=product&#038;p=240"},"modified":"2024-08-05T09:55:50","modified_gmt":"2024-08-05T12:55:50","slug":"ms4801-flowmeter-iot-transmissor-de-vazao-deslocamento-positivo-iot","status":"publish","type":"product","link":"https:\/\/www.extrom.io\/w\/wordpress\/index.php\/product\/ms4801-flowmeter-iot-transmissor-de-vazao-deslocamento-positivo-iot\/","title":{"rendered":"MS4801 Flowmeter IoT &#8211; Transmissor de Vaz\u00e3o por Deslocamento Positivo"},"content":{"rendered":"<p>Transmissor de vaz\u00e3o por deslocamento positivo:<\/p>\n<p>Princ\u00edpio de funcionamento: deslocamento positivo<br \/>\nTipo processamento do sinal: digital<br \/>\nComunica\u00e7\u00e3o: Wifi e\/ou GSM<br \/>\nSinal de sa\u00edda: 4 a 20mA + HART ou 4 a 20mA + RS485<br \/>\nFaixa de medi\u00e7\u00e3o: 0 a 108 l\/h<br \/>\nAlimenta\u00e7\u00e3o el\u00e9trica: 24 Vcc<br \/>\nMaterial do inv\u00f3lucro: AI ou Acetal e AISI 316<br \/>\nDi\u00e2metro elemento prim\u00e1rio: DN8 1\/4&#8243;; DN15 1\/2&#8243;; DN20 3\/4&#8243;; DN25 1&#8243;; DN32 1 1\/4&#8243;<br \/>\nFace da conex\u00e3o elemento prim\u00e1rio: rosca ASME B1.20.1 NPT-M<br \/>\nMaterial do elemento prim\u00e1rio: internos AI e AISI 316<br \/>\nProte\u00e7\u00e3o: IP 66 &#8211; NBR IEC 60529 Ex d [ia] &#8211; NBR IEC 60079-0<br \/>\nGrupo: IIA<br \/>\nClasse de temperatura T3 (200 graus)<\/p>\n<div class=\"_df_book df-lite\" id=\"df_254\"  _slug=\"ms4801-2\" data-title=\"ms4801\" wpoptions=\"true\" thumbtype=\"\" ><\/div><script class=\"df-shortcode-script\" type=\"application\/javascript\">window.option_df_254 = {\"outline\":[],\"autoEnableOutline\":\"false\",\"autoEnableThumbnail\":\"false\",\"overwritePDFOutline\":\"false\",\"direction\":\"1\",\"pageSize\":\"0\",\"source\":\"https:\\\/\\\/www.extrom.io\\\/w\\\/wordpress\\\/wp-content\\\/uploads\\\/2024\\\/08\\\/MS4801-Medicao-de-Vazao-por-Deslocamento-Positivo.pdf\",\"wpOptions\":\"true\"}; if(window.DFLIP && window.DFLIP.parseBooks){window.DFLIP.parseBooks();}<\/script>\n","protected":false},"excerpt":{"rendered":"<p>Transmissor de vaz\u00e3o por deslocamento positivo IoT (Wifi ou GSM) com 4-20mA+HART<\/p>\n","protected":false},"featured_media":241,"comment_status":"open","ping_status":"closed","template":"","meta":[],"product_brand":[],"product_cat":[23],"product_tag":[],"class_list":{"0":"post-240","1":"product","2":"type-product","3":"status-publish","4":"has-post-thumbnail","6":"product_cat-instrumentacao","8":"first","9":"instock","10":"shipping-taxable","11":"purchasable","12":"product-type-simple"},"_links":{"self":[{"href":"https:\/\/www.extrom.io\/w\/wordpress\/index.php\/wp-json\/wp\/v2\/product\/240","targetHints":{"allow":["GET"]}}],"collection":[{"href":"https:\/\/www.extrom.io\/w\/wordpress\/index.php\/wp-json\/wp\/v2\/product"}],"about":[{"href":"https:\/\/www.extrom.io\/w\/wordpress\/index.php\/wp-json\/wp\/v2\/types\/product"}],"replies":[{"embeddable":true,"href":"https:\/\/www.extrom.io\/w\/wordpress\/index.php\/wp-json\/wp\/v2\/comments?post=240"}],"wp:featuredmedia":[{"embeddable":true,"href":"https:\/\/www.extrom.io\/w\/wordpress\/index.php\/wp-json\/wp\/v2\/media\/241"}],"wp:attachment":[{"href":"https:\/\/www.extrom.io\/w\/wordpress\/index.php\/wp-json\/wp\/v2\/media?parent=240"}],"wp:term":[{"taxonomy":"product_brand","embeddable":true,"href":"https:\/\/www.extrom.io\/w\/wordpress\/index.php\/wp-json\/wp\/v2\/product_brand?post=240"},{"taxonomy":"product_cat","embeddable":true,"href":"https:\/\/www.extrom.io\/w\/wordpress\/index.php\/wp-json\/wp\/v2\/product_cat?post=240"},{"taxonomy":"product_tag","embeddable":true,"href":"https:\/\/www.extrom.io\/w\/wordpress\/index.php\/wp-json\/wp\/v2\/product_tag?post=240"}],"curies":[{"name":"wp","href":"https:\/\/api.w.org\/{rel}","templated":true}]}}