{"id":231,"date":"2024-08-03T11:35:49","date_gmt":"2024-08-03T14:35:49","guid":{"rendered":"https:\/\/www.extrom.io\/w\/wordpress\/?post_type=product&#038;p=231"},"modified":"2024-08-03T12:01:53","modified_gmt":"2024-08-03T15:01:53","slug":"231","status":"publish","type":"product","link":"https:\/\/www.extrom.io\/w\/wordpress\/index.php\/product\/231\/","title":{"rendered":"Medi\u00e7\u00e3o do Calado"},"content":{"rendered":"<p><div class=\"_df_book df-lite\" id=\"df_228\"  _slug=\"descritivo-basico-de-montagem-para-aplicacao-de-medicao-do-calado\" data-title=\"descritivo-basico-de-montagem-para-aplicacao-de-medicao-do-calado\" wpoptions=\"true\" thumbtype=\"\" ><\/div><script class=\"df-shortcode-script\" type=\"application\/javascript\">window.option_df_228 = {\"outline\":[],\"autoEnableOutline\":\"false\",\"autoEnableThumbnail\":\"false\",\"overwritePDFOutline\":\"false\",\"direction\":\"1\",\"pageSize\":\"0\",\"source\":\"https:\\\/\\\/www.extrom.io\\\/w\\\/wordpress\\\/wp-content\\\/uploads\\\/2024\\\/08\\\/MS1090-RS485-Tx-Montagem-Basica.pdf\",\"wpOptions\":\"true\"}; if(window.DFLIP && window.DFLIP.parseBooks){window.DFLIP.parseBooks();}<\/script><br \/>\n<div class=\"_df_book df-lite\" id=\"df_225\"  _slug=\"local-de-fixacao-dos-suportes-do-ms1090-calado\" data-title=\"local-de-fixacao-dos-suportes-do-ms1090-calado\" wpoptions=\"true\" thumbtype=\"\" ><\/div><script class=\"df-shortcode-script\" type=\"application\/javascript\">window.option_df_225 = {\"outline\":[],\"autoEnableOutline\":\"false\",\"autoEnableThumbnail\":\"false\",\"overwritePDFOutline\":\"false\",\"direction\":\"1\",\"pageSize\":\"0\",\"source\":\"https:\\\/\\\/www.extrom.io\\\/w\\\/wordpress\\\/wp-content\\\/uploads\\\/2024\\\/08\\\/Local-de-fixacao-dos-Suportes-do-MS1090.pdf\",\"wpOptions\":\"true\"}; if(window.DFLIP && window.DFLIP.parseBooks){window.DFLIP.parseBooks();}<\/script><\/p>\n","protected":false},"excerpt":{"rendered":"<p>Para Aplica\u00e7\u00e3o de medi\u00e7\u00e3o de calado, composto pelo seu sensor principal MS1090 (medi\u00e7\u00e3o de n\u00edvel por medi\u00e7\u00e3o de coluna d&#8217;\u00e1gua) preso ao seu suporte na posi\u00e7\u00e3o de interesse para medi\u00e7\u00e3o pr\u00f3xima \u00e0 linha d\u2019\u00e1gua da embarca\u00e7\u00e3o, possibilita a visualiza\u00e7\u00e3o em mil\u00edmetros ou metros do n\u00edvel do calado em rela\u00e7\u00e3o a linha d&#8217;\u00e1gua da embarca\u00e7\u00e3o atrav\u00e9s de um display central conectado ao m\u00f3dulo sensor atrav\u00e9s do seu cabo de comunica\u00e7\u00e3o externo padr\u00e3o H\u00e9rcules&#8230;<\/p>\n","protected":false},"featured_media":233,"comment_status":"open","ping_status":"closed","template":"","meta":[],"product_brand":[],"product_cat":[21],"product_tag":[],"class_list":{"0":"post-231","1":"product","2":"type-product","3":"status-publish","4":"has-post-thumbnail","6":"product_cat-nautica","8":"first","9":"instock","10":"shipping-taxable","11":"purchasable","12":"product-type-simple"},"_links":{"self":[{"href":"https:\/\/www.extrom.io\/w\/wordpress\/index.php\/wp-json\/wp\/v2\/product\/231","targetHints":{"allow":["GET"]}}],"collection":[{"href":"https:\/\/www.extrom.io\/w\/wordpress\/index.php\/wp-json\/wp\/v2\/product"}],"about":[{"href":"https:\/\/www.extrom.io\/w\/wordpress\/index.php\/wp-json\/wp\/v2\/types\/product"}],"replies":[{"embeddable":true,"href":"https:\/\/www.extrom.io\/w\/wordpress\/index.php\/wp-json\/wp\/v2\/comments?post=231"}],"wp:featuredmedia":[{"embeddable":true,"href":"https:\/\/www.extrom.io\/w\/wordpress\/index.php\/wp-json\/wp\/v2\/media\/233"}],"wp:attachment":[{"href":"https:\/\/www.extrom.io\/w\/wordpress\/index.php\/wp-json\/wp\/v2\/media?parent=231"}],"wp:term":[{"taxonomy":"product_brand","embeddable":true,"href":"https:\/\/www.extrom.io\/w\/wordpress\/index.php\/wp-json\/wp\/v2\/product_brand?post=231"},{"taxonomy":"product_cat","embeddable":true,"href":"https:\/\/www.extrom.io\/w\/wordpress\/index.php\/wp-json\/wp\/v2\/product_cat?post=231"},{"taxonomy":"product_tag","embeddable":true,"href":"https:\/\/www.extrom.io\/w\/wordpress\/index.php\/wp-json\/wp\/v2\/product_tag?post=231"}],"curies":[{"name":"wp","href":"https:\/\/api.w.org\/{rel}","templated":true}]}}