{"id":218,"date":"2024-08-02T17:38:35","date_gmt":"2024-08-02T20:38:35","guid":{"rendered":"https:\/\/www.extrom.io\/w\/wordpress\/?post_type=product&#038;p=218"},"modified":"2024-11-05T10:49:49","modified_gmt":"2024-11-05T13:49:49","slug":"tuf-2000","status":"publish","type":"product","link":"https:\/\/www.extrom.io\/w\/wordpress\/index.php\/product\/tuf-2000\/","title":{"rendered":"TUF-2000 Medidor de fluxo n\u00e3o invasivo por ultrassom"},"content":{"rendered":"<div class=\"_df_book df-lite\" id=\"df_215\"  _slug=\"manual-tuf-2000\" data-title=\"manual-tuf-2000\" wpoptions=\"true\" thumbtype=\"\" ><\/div><script class=\"df-shortcode-script\" type=\"application\/javascript\">window.option_df_215 = {\"outline\":[],\"autoEnableOutline\":\"false\",\"autoEnableThumbnail\":\"false\",\"overwritePDFOutline\":\"false\",\"direction\":\"1\",\"pageSize\":\"0\",\"source\":\"https:\\\/\\\/www.extrom.io\\\/w\\\/wordpress\\\/wp-content\\\/uploads\\\/2024\\\/08\\\/Manual-TUF-2000.pdf\",\"wpOptions\":\"true\"}; if(window.DFLIP && window.DFLIP.parseBooks){window.DFLIP.parseBooks();}<\/script>\n","protected":false},"excerpt":{"rendered":"<p>Transdutor para Medi\u00e7\u00e3o de fluxo n\u00e3o evasivo por ultra-som nas medidas de DN15 a DN6000<\/p>\n","protected":false},"featured_media":219,"comment_status":"open","ping_status":"closed","template":"","meta":[],"product_brand":[],"product_cat":[23],"product_tag":[],"class_list":{"0":"post-218","1":"product","2":"type-product","3":"status-publish","4":"has-post-thumbnail","6":"product_cat-instrumentacao","8":"first","9":"instock","10":"shipping-taxable","11":"purchasable","12":"product-type-simple"},"_links":{"self":[{"href":"https:\/\/www.extrom.io\/w\/wordpress\/index.php\/wp-json\/wp\/v2\/product\/218","targetHints":{"allow":["GET"]}}],"collection":[{"href":"https:\/\/www.extrom.io\/w\/wordpress\/index.php\/wp-json\/wp\/v2\/product"}],"about":[{"href":"https:\/\/www.extrom.io\/w\/wordpress\/index.php\/wp-json\/wp\/v2\/types\/product"}],"replies":[{"embeddable":true,"href":"https:\/\/www.extrom.io\/w\/wordpress\/index.php\/wp-json\/wp\/v2\/comments?post=218"}],"wp:featuredmedia":[{"embeddable":true,"href":"https:\/\/www.extrom.io\/w\/wordpress\/index.php\/wp-json\/wp\/v2\/media\/219"}],"wp:attachment":[{"href":"https:\/\/www.extrom.io\/w\/wordpress\/index.php\/wp-json\/wp\/v2\/media?parent=218"}],"wp:term":[{"taxonomy":"product_brand","embeddable":true,"href":"https:\/\/www.extrom.io\/w\/wordpress\/index.php\/wp-json\/wp\/v2\/product_brand?post=218"},{"taxonomy":"product_cat","embeddable":true,"href":"https:\/\/www.extrom.io\/w\/wordpress\/index.php\/wp-json\/wp\/v2\/product_cat?post=218"},{"taxonomy":"product_tag","embeddable":true,"href":"https:\/\/www.extrom.io\/w\/wordpress\/index.php\/wp-json\/wp\/v2\/product_tag?post=218"}],"curies":[{"name":"wp","href":"https:\/\/api.w.org\/{rel}","templated":true}]}}