{"id":213,"date":"2024-08-02T17:22:41","date_gmt":"2024-08-02T20:22:41","guid":{"rendered":"https:\/\/www.extrom.io\/w\/wordpress\/?post_type=product&#038;p=213"},"modified":"2026-03-06T12:06:43","modified_gmt":"2026-03-06T15:06:43","slug":"hidronivel-submersivel-iot-wifi-nivel-volume-e-vazao-datalogger-com-controle-da-bomba","status":"publish","type":"product","link":"https:\/\/www.extrom.io\/w\/wordpress\/index.php\/product\/hidronivel-submersivel-iot-wifi-nivel-volume-e-vazao-datalogger-com-controle-da-bomba\/","title":{"rendered":"Hidronivel Submers\u00edvel IoT Wifi, N\u00edvel, Volume e Vaz\u00e3o + Datalogger com Controle da Bomba"},"content":{"rendered":"<p>Com o m\u00f3dulo MS4630 basta mergulhar o sensor &#8220;MS1090&#8221; no reservat\u00f3rio ligar m\u00f3dulo, informar o login do Wifi mais pr\u00f3ximo (Opcionalmente poder\u00e1 utilizar conex\u00e3o GSM) e informar as dimens\u00f5es do seu reservat\u00f3rio, pronto cadastre seu dispositivo atrav\u00e9s do Aplicativo para Android e suas leituras j\u00e1 estar\u00e3o dispon\u00edveis com seu controle de bombas at\u00e9 10A a 110\/220Vac.<\/p>\n<p>MS4630-1090 M\u00f3dulo de Monitoramento IoT com Datalogger para Reservat\u00f3rios, at\u00e9 5m, Retangulares, Cilindros Verticais e Cilindros Horizontais por sensor de mergulho para medir a coluna d&#8217;\u00e1gua com informa\u00e7\u00e3o de N\u00edvel, Volume e Vaz\u00e3o colocando automaticamente as informa\u00e7\u00f5es dispon\u00edveis em NUVEM IoT e em seu banco de dados para hist\u00f3ricos, com link Wifi e\/ou GSM sem necessidade de chip de qualquer operadora, basta ligar automaticamente conecta com seu servidor e o acesso pode ser feito atrav\u00e9s de qualquer navegador de um computador ou trav\u00e9s de Smartphone no seu Dashboard pelo APP da EXTROM para Android na Play Store.<\/p>\n<p>Tamb\u00e9m conhecido como Limn\u00edmetro, trata-se de um equipamento autom\u00e1tico que registra continuamente, a varia\u00e7\u00e3o dos n\u00edveis de \u00e1gua.<\/p>\n<p>O firmware do seu processador possui um acesso ao seu WebServer interno que permite a configura\u00e7\u00e3o de seus par\u00e2metros.<br \/>\nNo caso para acessar o Servidor via Wifi, deve o mesmo estar conectado ao um Acess Pointer local para prover este seu acesso.<\/p>\n<p>Opcional acesso ao monitoramento com Hist\u00f3rico, mensagens SMS e mensagens Whatsapp.<\/p>\n<p>Tipo sensor: Mergulho para medi\u00e3o da coluna d&#8217;\u00e1gua submers\u00edvel.<br \/>\nFaixa de medi\u00e7\u00e3o: 5m a 20m<br \/>\nPrecis\u00e3o: 1mm<br \/>\nBanda: Quad-band 850\/900\/1800 \/ 1900MHz CHIP<br \/>\nGSM: opcional<br \/>\nAlimenta\u00e7\u00e3o: 90 a 240 Vca<br \/>\nDimens\u00f5es do m\u00f3dulo: 20 x 15 x 9 cm<br \/>\nDimens\u00e3o sensor: 32.5mm x 145mm (a\u00e7o 304)<br \/>\nFaixa de medi\u00e7\u00e3o: 1 mm at\u00e9 5000 mm ou 20000 mm<br \/>\nPrecis\u00e3o: 1 mm<br \/>\nSa\u00eddas: 1 Rele 110\/220V 10A (Para controle de bomba d&#8217;\u00e1gua)<br \/>\nNCM: 9026.10.00<\/p>\n<p><span style=\"vertical-align: inherit;\"><span style=\"vertical-align: inherit;\"><div class=\"_df_book df-lite\" id=\"df_350\"  _slug=\"ms4630-l-tl136\" data-title=\"ms4630-l-tl136\" wpoptions=\"true\" thumbtype=\"\" ><\/div><script class=\"df-shortcode-script\" type=\"application\/javascript\">window.option_df_350 = {\"outline\":[],\"autoEnableOutline\":\"false\",\"autoEnableThumbnail\":\"false\",\"overwritePDFOutline\":\"false\",\"direction\":\"1\",\"pageSize\":\"0\",\"source\":\"https:\\\/\\\/www.extrom.io\\\/w\\\/wordpress\\\/wp-content\\\/uploads\\\/2024\\\/08\\\/MS4630-L-TL136.pdf\",\"wpOptions\":\"true\"}; if(window.DFLIP && window.DFLIP.parseBooks){window.DFLIP.parseBooks();}<\/script><\/span><\/span><\/p>\n","protected":false},"excerpt":{"rendered":"<p>Com o m\u00f3dulo MS4630 basta mergulhar o sensor &#8220;MS1090&#8221; no reservat\u00f3rio ligar m\u00f3dulo, informar o login do Wifi mais pr\u00f3ximo (Opcionalmente poder\u00e1 utilizar conex\u00e3o GSM) e informar as dimens\u00f5es do seu reservat\u00f3rio, pronto cadastre seu dispositivo atrav\u00e9s do Aplicativo para Android e suas leituras j\u00e1 estar\u00e3o dispon\u00edveis com seu controle de bombas at\u00e9 10A a [&hellip;]<\/p>\n","protected":false},"featured_media":214,"comment_status":"open","ping_status":"closed","template":"","meta":[],"product_brand":[],"product_cat":[22],"product_tag":[],"class_list":{"0":"post-213","1":"product","2":"type-product","3":"status-publish","4":"has-post-thumbnail","6":"product_cat-iot","8":"first","9":"instock","10":"shipping-taxable","11":"purchasable","12":"product-type-simple"},"_links":{"self":[{"href":"https:\/\/www.extrom.io\/w\/wordpress\/index.php\/wp-json\/wp\/v2\/product\/213","targetHints":{"allow":["GET"]}}],"collection":[{"href":"https:\/\/www.extrom.io\/w\/wordpress\/index.php\/wp-json\/wp\/v2\/product"}],"about":[{"href":"https:\/\/www.extrom.io\/w\/wordpress\/index.php\/wp-json\/wp\/v2\/types\/product"}],"replies":[{"embeddable":true,"href":"https:\/\/www.extrom.io\/w\/wordpress\/index.php\/wp-json\/wp\/v2\/comments?post=213"}],"wp:featuredmedia":[{"embeddable":true,"href":"https:\/\/www.extrom.io\/w\/wordpress\/index.php\/wp-json\/wp\/v2\/media\/214"}],"wp:attachment":[{"href":"https:\/\/www.extrom.io\/w\/wordpress\/index.php\/wp-json\/wp\/v2\/media?parent=213"}],"wp:term":[{"taxonomy":"product_brand","embeddable":true,"href":"https:\/\/www.extrom.io\/w\/wordpress\/index.php\/wp-json\/wp\/v2\/product_brand?post=213"},{"taxonomy":"product_cat","embeddable":true,"href":"https:\/\/www.extrom.io\/w\/wordpress\/index.php\/wp-json\/wp\/v2\/product_cat?post=213"},{"taxonomy":"product_tag","embeddable":true,"href":"https:\/\/www.extrom.io\/w\/wordpress\/index.php\/wp-json\/wp\/v2\/product_tag?post=213"}],"curies":[{"name":"wp","href":"https:\/\/api.w.org\/{rel}","templated":true}]}}