{"id":126,"date":"2024-07-31T21:35:40","date_gmt":"2024-08-01T00:35:40","guid":{"rendered":"https:\/\/www.extrom.io\/w\/wordpress\/?post_type=product&#038;p=126"},"modified":"2025-12-23T15:07:07","modified_gmt":"2025-12-23T18:07:07","slug":"ms4630-modbus","status":"publish","type":"product","link":"https:\/\/www.extrom.io\/w\/wordpress\/index.php\/product\/ms4630-modbus\/","title":{"rendered":"Telemetria Modbus"},"content":{"rendered":"<p>O m\u00f3dulo MS4630-Modbus permite diversas aplica\u00e7\u00f5es onde existir a necessidade de capturar as informa\u00e7\u00f5es de qualquer dispositivo que possua comunica\u00e7\u00e3o serial Modbus RTU, o m\u00f3dulo captura os registros e transmite para o seu servidor MQTT, em seguida as informa\u00e7\u00f5es podem ser processadas caso-a-caso, guardadas em banco de dados e podem ser exibidas em dashboard personalizados ou exibido seu hist\u00f3rico com m\u00e9tricas pelo Grafano por exemplo.<\/p>\n<p>Sua implanta\u00e7\u00e3o \u00e9 simples bastando ligar sua entrada serial RS485 a 2 fios a porta do instrumento, como por exemplo um Inversor de um sistema Solar, ligar sua liamenta\u00e7\u00e3o 90\/240VCA e em seguida informar o login do Wifi mais pr\u00f3ximo.<\/p>\n<p>O firmware do seu processador possui um acesso ao seu WebServer interno que permite a configura\u00e7\u00e3o de seus\u00a0 par\u00e2metros. No caso para acessar o Servidor via Wifi, deve o mesmo estar conectado ao um Acess Pointer local para prover este seu acesso.<\/p>\n<p>Em seguida acesse o seu contato com Extrom Technology solicitando acesso de monitoramento informando o dispositivo que esta sendo usado para criar seu dashboard ou simplesmente, se preferir, acesso seu socket-TCP\/IP para obter diretamente as informa\u00e7\u00f5es do dispositivo e process-las voce mesmo, caso contr\u00e1rio nosso servidor processa os dados colocando automaticamente as informa\u00e7\u00f5es dispon\u00edveis em NUVEM IoT em seu banco de dados para hist\u00f3ricos, assim o seu acesso pode ser feito atrav\u00e9s de qualquer navegador de um computador ou atrav\u00e9s de Smartphone no seu Dashboard pelo APP da EXTROM para Android na Play Store.<\/p>\n<p>Alimenta\u00e7\u00e3o: 90 a 240 Vca<br \/>\nDimens\u00f5es do m\u00f3dulo: 5.5 x 8 x 9 cm<\/p>\n","protected":false},"excerpt":{"rendered":"<p>M\u00f3dulo de Telemetria ModBus<\/p>\n","protected":false},"featured_media":127,"comment_status":"open","ping_status":"closed","template":"","meta":[],"product_brand":[],"product_cat":[22],"product_tag":[],"class_list":{"0":"post-126","1":"product","2":"type-product","3":"status-publish","4":"has-post-thumbnail","6":"product_cat-iot","8":"first","9":"instock","10":"shipping-taxable","11":"purchasable","12":"product-type-simple"},"_links":{"self":[{"href":"https:\/\/www.extrom.io\/w\/wordpress\/index.php\/wp-json\/wp\/v2\/product\/126","targetHints":{"allow":["GET"]}}],"collection":[{"href":"https:\/\/www.extrom.io\/w\/wordpress\/index.php\/wp-json\/wp\/v2\/product"}],"about":[{"href":"https:\/\/www.extrom.io\/w\/wordpress\/index.php\/wp-json\/wp\/v2\/types\/product"}],"replies":[{"embeddable":true,"href":"https:\/\/www.extrom.io\/w\/wordpress\/index.php\/wp-json\/wp\/v2\/comments?post=126"}],"wp:featuredmedia":[{"embeddable":true,"href":"https:\/\/www.extrom.io\/w\/wordpress\/index.php\/wp-json\/wp\/v2\/media\/127"}],"wp:attachment":[{"href":"https:\/\/www.extrom.io\/w\/wordpress\/index.php\/wp-json\/wp\/v2\/media?parent=126"}],"wp:term":[{"taxonomy":"product_brand","embeddable":true,"href":"https:\/\/www.extrom.io\/w\/wordpress\/index.php\/wp-json\/wp\/v2\/product_brand?post=126"},{"taxonomy":"product_cat","embeddable":true,"href":"https:\/\/www.extrom.io\/w\/wordpress\/index.php\/wp-json\/wp\/v2\/product_cat?post=126"},{"taxonomy":"product_tag","embeddable":true,"href":"https:\/\/www.extrom.io\/w\/wordpress\/index.php\/wp-json\/wp\/v2\/product_tag?post=126"}],"curies":[{"name":"wp","href":"https:\/\/api.w.org\/{rel}","templated":true}]}}