{"id":11,"date":"2024-07-29T22:18:56","date_gmt":"2024-07-30T01:18:56","guid":{"rendered":"https:\/\/www.extrom.io\/w\/wordpress\/index.php\/cart\/"},"modified":"2024-08-01T14:07:31","modified_gmt":"2024-08-01T17:07:31","slug":"cart","status":"publish","type":"page","link":"https:\/\/www.extrom.io\/w\/wordpress\/index.php\/cart\/","title":{"rendered":"Carrinho"},"content":{"rendered":"\n<div data-block-name=\"woocommerce\/cart\" class=\"wp-block-woocommerce-cart alignwide is-loading\">\n<div data-block-name=\"woocommerce\/filled-cart-block\" class=\"wp-block-woocommerce-filled-cart-block\">\n<div data-block-name=\"woocommerce\/cart-items-block\" class=\"wp-block-woocommerce-cart-items-block\">\n<div data-block-name=\"woocommerce\/cart-line-items-block\" class=\"wp-block-woocommerce-cart-line-items-block\"><\/div>\n\n\n\n<div data-block-name=\"woocommerce\/cart-cross-sells-block\" class=\"wp-block-woocommerce-cart-cross-sells-block\">\n<h2 class=\"wp-block-heading has-large-font-size\">You may be interested in\u2026<\/h2>\n\n\n\n<div data-block-name=\"woocommerce\/cart-cross-sells-products-block\" class=\"wp-block-woocommerce-cart-cross-sells-products-block\"><\/div>\n<\/div>\n<\/div>\n\n\n\n<div data-block-name=\"woocommerce\/cart-totals-block\" class=\"wp-block-woocommerce-cart-totals-block\">\n<div data-block-name=\"woocommerce\/cart-order-summary-block\" class=\"wp-block-woocommerce-cart-order-summary-block\">\n<div data-block-name=\"woocommerce\/cart-order-summary-heading-block\" class=\"wp-block-woocommerce-cart-order-summary-heading-block\"><\/div>\n\n\n\n<div data-block-name=\"woocommerce\/cart-order-summary-coupon-form-block\" class=\"wp-block-woocommerce-cart-order-summary-coupon-form-block\"><\/div>\n\n\n\n<div data-block-name=\"woocommerce\/cart-order-summary-totals-block\" class=\"wp-block-woocommerce-cart-order-summary-totals-block\">\n<div data-block-name=\"woocommerce\/cart-order-summary-subtotal-block\" class=\"wp-block-woocommerce-cart-order-summary-subtotal-block\"><\/div>\n\n\n\n<div data-block-name=\"woocommerce\/cart-order-summary-fee-block\" class=\"wp-block-woocommerce-cart-order-summary-fee-block\"><\/div>\n\n\n\n<div data-block-name=\"woocommerce\/cart-order-summary-discount-block\" class=\"wp-block-woocommerce-cart-order-summary-discount-block\"><\/div>\n\n\n\n<div data-block-name=\"woocommerce\/cart-order-summary-shipping-block\" class=\"wp-block-woocommerce-cart-order-summary-shipping-block\"><\/div>\n\n\n\n<div data-block-name=\"woocommerce\/cart-order-summary-taxes-block\" class=\"wp-block-woocommerce-cart-order-summary-taxes-block\"><\/div>\n<\/div>\n<\/div>\n\n\n\n<div data-block-name=\"woocommerce\/cart-express-payment-block\" class=\"wp-block-woocommerce-cart-express-payment-block\"><\/div>\n\n\n\n<div data-block-name=\"woocommerce\/proceed-to-checkout-block\" class=\"wp-block-woocommerce-proceed-to-checkout-block\"><\/div>\n\n\n\n<div data-block-name=\"woocommerce\/cart-accepted-payment-methods-block\" class=\"wp-block-woocommerce-cart-accepted-payment-methods-block\"><\/div>\n<\/div>\n<\/div>\n\n\n\n<div data-block-name=\"woocommerce\/empty-cart-block\" class=\"wp-block-woocommerce-empty-cart-block\">\n<h2 class=\"wp-block-heading has-text-align-center with-empty-cart-icon wc-block-cart__empty-cart__title\">Your cart is currently empty!<\/h2>\n\n\n\n<hr class=\"wp-block-separator has-alpha-channel-opacity is-style-dots\"\/>\n\n\n\n<h2 class=\"wp-block-heading has-text-align-center\">New in store<\/h2>\n\n\n<div data-block-name=\"woocommerce\/product-new\" data-columns=\"4\" data-rows=\"1\" class=\"wc-block-grid wp-block-product-new wp-block-woocommerce-product-new wc-block-product-new has-4-columns\"><ul class=\"wc-block-grid__products\"><li class=\"wc-block-grid__product\">\n\t\t\t\t<a href=\"https:\/\/www.extrom.io\/w\/wordpress\/index.php\/product\/lanterna-de-sinalizacao-nautica-modelo-vertical\/\" class=\"wc-block-grid__product-link\">\n\t\t\t\t\t\n\t\t\t\t\t<div class=\"wc-block-grid__product-image\"><img loading=\"lazy\" decoding=\"async\" width=\"300\" height=\"300\" src=\"https:\/\/www.extrom.io\/w\/wordpress\/wp-content\/uploads\/2024\/07\/Captura-de-tela-de-2023-11-13-10-34-54-300x300.png\" class=\"attachment-woocommerce_thumbnail size-woocommerce_thumbnail\" alt=\"Lanterna de Sinaliza\u00e7\u00e3o N\u00e1utica (Modelo Vertical)\" srcset=\"https:\/\/www.extrom.io\/w\/wordpress\/wp-content\/uploads\/2024\/07\/Captura-de-tela-de-2023-11-13-10-34-54-300x300.png 300w, https:\/\/www.extrom.io\/w\/wordpress\/wp-content\/uploads\/2024\/07\/Captura-de-tela-de-2023-11-13-10-34-54-100x100.png 100w, https:\/\/www.extrom.io\/w\/wordpress\/wp-content\/uploads\/2024\/07\/Captura-de-tela-de-2023-11-13-10-34-54-150x150.png 150w\" sizes=\"auto, (max-width: 300px) 100vw, 300px\" \/><\/div>\n\t\t\t\t\t<div class=\"wc-block-grid__product-title\">Lanterna de Sinaliza\u00e7\u00e3o N\u00e1utica (Modelo Vertical)<\/div>\n\t\t\t\t<\/a>\n\t\t\t\t<div class=\"wc-block-grid__product-price price\"><span class=\"woocommerce-Price-amount amount\"><span class=\"woocommerce-Price-currencySymbol\">&#082;&#036;<\/span>&nbsp;7.735,20<\/span><\/div>\n\t\t\t\t\n\t\t\t\t<div class=\"wp-block-button wc-block-grid__product-add-to-cart\"><a href=\"https:\/\/www.extrom.io\/w\/wordpress\/index.php\/product\/lanterna-de-sinalizacao-nautica-modelo-vertical\/\" aria-label=\"Adicionar ao carrinho: &quot;Lanterna de Sinaliza\u00e7\u00e3o N\u00e1utica (Modelo Vertical)&quot;\" data-quantity=\"1\" data-product_id=\"420\" data-product_sku=\"MS4596-RGBW-V\" data-price=\"7735.2\" rel=\"nofollow\" class=\"wp-block-button__link wp-element-button add_to_cart_button\">Selecione as op\u00e7\u00f5es<\/a><\/div>\n\t\t\t<\/li><li class=\"wc-block-grid__product\">\n\t\t\t\t<a href=\"https:\/\/www.extrom.io\/w\/wordpress\/index.php\/product\/modulo-io-digital\/\" class=\"wc-block-grid__product-link\">\n\t\t\t\t\t\n\t\t\t\t\t<div class=\"wc-block-grid__product-image\"><img loading=\"lazy\" decoding=\"async\" width=\"300\" height=\"300\" src=\"https:\/\/www.extrom.io\/w\/wordpress\/wp-content\/uploads\/2024\/08\/Captura-de-tela-de-2024-04-11-10-17-22-300x300.png\" class=\"attachment-woocommerce_thumbnail size-woocommerce_thumbnail\" alt=\"M\u00f3dulo IO-Digital\" srcset=\"https:\/\/www.extrom.io\/w\/wordpress\/wp-content\/uploads\/2024\/08\/Captura-de-tela-de-2024-04-11-10-17-22-300x300.png 300w, https:\/\/www.extrom.io\/w\/wordpress\/wp-content\/uploads\/2024\/08\/Captura-de-tela-de-2024-04-11-10-17-22-150x150.png 150w, https:\/\/www.extrom.io\/w\/wordpress\/wp-content\/uploads\/2024\/08\/Captura-de-tela-de-2024-04-11-10-17-22-100x100.png 100w\" sizes=\"auto, (max-width: 300px) 100vw, 300px\" \/><\/div>\n\t\t\t\t\t<div class=\"wc-block-grid__product-title\">M\u00f3dulo IO-Digital<\/div>\n\t\t\t\t<\/a>\n\t\t\t\t<div class=\"wc-block-grid__product-price price\"><span class=\"woocommerce-Price-amount amount\"><span class=\"woocommerce-Price-currencySymbol\">&#082;&#036;<\/span>&nbsp;1.474,65<\/span><\/div>\n\t\t\t\t\n\t\t\t\t<div class=\"wp-block-button wc-block-grid__product-add-to-cart\"><a href=\"\/w\/wordpress\/index.php\/wp-json\/wp\/v2\/pages\/11?add-to-cart=400\" aria-label=\"Adicionar ao carrinho: &quot;M\u00f3dulo IO-Digital&quot;\" data-quantity=\"1\" data-product_id=\"400\" data-product_sku=\"MS4632\" data-price=\"1474.65\" rel=\"nofollow\" class=\"wp-block-button__link wp-element-button add_to_cart_button ajax_add_to_cart\">Adicionar ao carrinho<\/a><\/div>\n\t\t\t<\/li><li class=\"wc-block-grid__product\">\n\t\t\t\t<a href=\"https:\/\/www.extrom.io\/w\/wordpress\/index.php\/product\/monitoramento-iot-de-energia-eletrica-em-linhas-mono-fasicas\/\" class=\"wc-block-grid__product-link\">\n\t\t\t\t\t\n\t\t\t\t\t<div class=\"wc-block-grid__product-image\"><img loading=\"lazy\" decoding=\"async\" width=\"300\" height=\"300\" src=\"https:\/\/www.extrom.io\/w\/wordpress\/wp-content\/uploads\/2024\/08\/MS4630-300x300.png\" class=\"attachment-woocommerce_thumbnail size-woocommerce_thumbnail\" alt=\"Monitoramento IoT de Energia El\u00e9trica em linhas MONO-Fasicas\" srcset=\"https:\/\/www.extrom.io\/w\/wordpress\/wp-content\/uploads\/2024\/08\/MS4630-300x300.png 300w, https:\/\/www.extrom.io\/w\/wordpress\/wp-content\/uploads\/2024\/08\/MS4630-150x150.png 150w, https:\/\/www.extrom.io\/w\/wordpress\/wp-content\/uploads\/2024\/08\/MS4630-100x100.png 100w\" sizes=\"auto, (max-width: 300px) 100vw, 300px\" \/><\/div>\n\t\t\t\t\t<div class=\"wc-block-grid__product-title\">Monitoramento IoT de Energia El\u00e9trica em linhas MONO-Fasicas<\/div>\n\t\t\t\t<\/a>\n\t\t\t\t<div class=\"wc-block-grid__product-price price\"><span class=\"woocommerce-Price-amount amount\"><span class=\"woocommerce-Price-currencySymbol\">&#082;&#036;<\/span>&nbsp;1.479,60<\/span><\/div>\n\t\t\t\t\n\t\t\t\t<div class=\"wp-block-button wc-block-grid__product-add-to-cart\"><a href=\"\/w\/wordpress\/index.php\/wp-json\/wp\/v2\/pages\/11?add-to-cart=394\" aria-label=\"Adicionar ao carrinho: &quot;Monitoramento IoT de Energia El\u00e9trica em linhas MONO-Fasicas&quot;\" data-quantity=\"1\" data-product_id=\"394\" data-product_sku=\"MS4630-PW-100\" data-price=\"1479.6\" rel=\"nofollow\" class=\"wp-block-button__link wp-element-button add_to_cart_button ajax_add_to_cart\">Adicionar ao carrinho<\/a><\/div>\n\t\t\t<\/li><li class=\"wc-block-grid__product\">\n\t\t\t\t<a href=\"https:\/\/www.extrom.io\/w\/wordpress\/index.php\/product\/capsula-sensor-v3-umidade-e-temperatura\/\" class=\"wc-block-grid__product-link\">\n\t\t\t\t\t\n\t\t\t\t\t<div class=\"wc-block-grid__product-image\"><img loading=\"lazy\" decoding=\"async\" width=\"300\" height=\"300\" src=\"https:\/\/www.extrom.io\/w\/wordpress\/wp-content\/uploads\/2024\/08\/3-1.avif\" class=\"attachment-woocommerce_thumbnail size-woocommerce_thumbnail\" alt=\"C\u00e1psula Sensora V3 - Umidade e Temperatura\" \/><\/div>\n\t\t\t\t\t<div class=\"wc-block-grid__product-title\">C\u00e1psula Sensora V3 &#8211; Umidade e Temperatura<\/div>\n\t\t\t\t<\/a>\n\t\t\t\t<div class=\"wc-block-grid__product-price price\"><span class=\"woocommerce-Price-amount amount\"><span class=\"woocommerce-Price-currencySymbol\">&#082;&#036;<\/span>&nbsp;823,60<\/span><\/div>\n\t\t\t\t\n\t\t\t\t<div class=\"wp-block-button wc-block-grid__product-add-to-cart\"><a href=\"\/w\/wordpress\/index.php\/wp-json\/wp\/v2\/pages\/11?add-to-cart=385\" aria-label=\"Adicionar ao carrinho: &quot;C\u00e1psula Sensora V3 - Umidade e Temperatura&quot;\" data-quantity=\"1\" data-product_id=\"385\" data-product_sku=\"Sensor-V3\" data-price=\"823.6\" rel=\"nofollow\" class=\"wp-block-button__link wp-element-button add_to_cart_button ajax_add_to_cart\">Adicionar ao carrinho<\/a><\/div>\n\t\t\t<\/li><\/ul><\/div><\/div>\n<\/div>\n","protected":false},"excerpt":{"rendered":"","protected":false},"author":1,"featured_media":0,"parent":0,"menu_order":0,"comment_status":"closed","ping_status":"closed","template":"","meta":{"footnotes":""},"class_list":["post-11","page","type-page","status-publish","hentry"],"_links":{"self":[{"href":"https:\/\/www.extrom.io\/w\/wordpress\/index.php\/wp-json\/wp\/v2\/pages\/11","targetHints":{"allow":["GET"]}}],"collection":[{"href":"https:\/\/www.extrom.io\/w\/wordpress\/index.php\/wp-json\/wp\/v2\/pages"}],"about":[{"href":"https:\/\/www.extrom.io\/w\/wordpress\/index.php\/wp-json\/wp\/v2\/types\/page"}],"author":[{"embeddable":true,"href":"https:\/\/www.extrom.io\/w\/wordpress\/index.php\/wp-json\/wp\/v2\/users\/1"}],"replies":[{"embeddable":true,"href":"https:\/\/www.extrom.io\/w\/wordpress\/index.php\/wp-json\/wp\/v2\/comments?post=11"}],"version-history":[{"count":3,"href":"https:\/\/www.extrom.io\/w\/wordpress\/index.php\/wp-json\/wp\/v2\/pages\/11\/revisions"}],"predecessor-version":[{"id":144,"href":"https:\/\/www.extrom.io\/w\/wordpress\/index.php\/wp-json\/wp\/v2\/pages\/11\/revisions\/144"}],"wp:attachment":[{"href":"https:\/\/www.extrom.io\/w\/wordpress\/index.php\/wp-json\/wp\/v2\/media?parent=11"}],"curies":[{"name":"wp","href":"https:\/\/api.w.org\/{rel}","templated":true}]}}